{"id":9463,"date":"2024-10-16T07:13:50","date_gmt":"2024-10-16T07:13:50","guid":{"rendered":"https:\/\/turkeylabiaplasty.com\/recuperation-apres-une-labiaplastie\/"},"modified":"2025-04-22T13:11:20","modified_gmt":"2025-04-22T13:11:20","slug":"recuperation-apres-une-hymenoplastie","status":"publish","type":"page","link":"https:\/\/turkeyhymenoplasty.com\/fr\/recuperation-apres-une-hymenoplastie\/","title":{"rendered":"R\u00e9cup\u00e9ration apr\u00e8s une hym\u00e9noplastie"},"content":{"rendered":"\t\t<div data-elementor-type=\"wp-post\" data-elementor-id=\"9463\" class=\"elementor elementor-9463 elementor-8438\" data-elementor-post-type=\"page\">\n\t\t\t\t\t\t<section class=\"elementor-section elementor-top-section elementor-element elementor-element-599d25c elementor-section-boxed elementor-section-height-default elementor-section-height-default\" data-id=\"599d25c\" data-element_type=\"section\">\n\t\t\t\t\t\t\t<div class=\"elementor-background-overlay\"><\/div>\n\t\t\t\t\t\t\t<div class=\"elementor-container elementor-column-gap-default\">\n\t\t\t\t\t<div class=\"elementor-column elementor-col-66 elementor-top-column elementor-element elementor-element-cbad41f\" data-id=\"cbad41f\" data-element_type=\"column\">\n\t\t\t<div class=\"elementor-widget-wrap elementor-element-populated\">\n\t\t\t\t\t\t<div class=\"elementor-element elementor-element-20f999f elementor-widget elementor-widget-text-editor\" data-id=\"20f999f\" data-element_type=\"widget\" data-widget_type=\"text-editor.default\">\n\t\t\t\t<div class=\"elementor-widget-container\">\n\t\t\t<style>\/*! elementor - v3.22.0 - 26-06-2024 *\/\n.elementor-widget-text-editor.elementor-drop-cap-view-stacked .elementor-drop-cap{background-color:#69727d;color:#fff}.elementor-widget-text-editor.elementor-drop-cap-view-framed .elementor-drop-cap{color:#69727d;border:3px solid;background-color:transparent}.elementor-widget-text-editor:not(.elementor-drop-cap-view-default) .elementor-drop-cap{margin-top:8px}.elementor-widget-text-editor:not(.elementor-drop-cap-view-default) .elementor-drop-cap-letter{width:1em;height:1em}.elementor-widget-text-editor .elementor-drop-cap{float:left;text-align:center;line-height:1;font-size:50px}.elementor-widget-text-editor .elementor-drop-cap-letter{display:inline-block}<\/style>\t\t\t\t<p class=\"\" data-start=\"227\" data-end=\"662\">L\u2019hym\u00e9noplastie, \u00e9galement connue sous le nom de chirurgie de r\u00e9paration de l\u2019hymen, est une proc\u00e9dure d\u00e9licate n\u00e9cessitant une prise en charge post-op\u00e9ratoire appropri\u00e9e. Comprendre le processus de r\u00e9cup\u00e9ration est essentiel pour une gu\u00e9rison r\u00e9ussie et sans complications. Cet article fournit des informations compl\u00e8tes sur les soins post-op\u00e9ratoires, les \u00e9tapes de gu\u00e9rison attendues, et des conseils pour une r\u00e9cup\u00e9ration optimale.<\/p><h2 data-start=\"664\" data-end=\"727\">Qu\u2019est-ce que l\u2019hym\u00e9noplastie et pourquoi y avoir recours ?<\/h2><p class=\"\" data-start=\"729\" data-end=\"1207\">L\u2019hym\u00e9noplastie est une intervention chirurgicale visant \u00e0 reconstruire l\u2019hymen, une fine membrane situ\u00e9e \u00e0 l\u2019entr\u00e9e du vagin. De nombreuses femmes choisissent cette proc\u00e9dure pour des raisons personnelles, culturelles ou religieuses. L\u2019objectif est de restaurer l\u2019apparence de l\u2019hymen \u00e0 un \u00e9tat proche de celui d\u2019avant sa rupture. Comprendre les motivations derri\u00e8re cette d\u00e9cision aide \u00e0 fixer des attentes r\u00e9alistes et \u00e0 souligner l\u2019importance de bons soins post-op\u00e9ratoires.<\/p><h2 data-start=\"1209\" data-end=\"1263\">\u00c0 quoi s\u2019attendre imm\u00e9diatement apr\u00e8s la chirurgie<\/h2><p class=\"\" data-start=\"1265\" data-end=\"1740\">Il est normal de ressentir une g\u00eane, un gonflement et de l\u00e9gers saignements juste apr\u00e8s l\u2019hym\u00e9noplastie. Ces sympt\u00f4mes font partie du processus naturel de gu\u00e9rison. L\u2019intervention est g\u00e9n\u00e9ralement r\u00e9alis\u00e9e en ambulatoire, ce qui signifie que la patiente peut rentrer chez elle le jour m\u00eame. Apr\u00e8s l\u2019op\u00e9ration, il est recommand\u00e9 de se reposer suffisamment, d\u2019\u00e9viter les efforts physiques et de suivre scrupuleusement les instructions du m\u00e9decin pour favoriser la r\u00e9cup\u00e9ration.<\/p><h2 data-start=\"1742\" data-end=\"1804\">Conseils de soins post-op\u00e9ratoires pour une bonne gu\u00e9rison<\/h2><p class=\"\" data-start=\"1806\" data-end=\"1879\">Voici quelques conseils essentiels pour assurer une bonne cicatrisation :<\/p><ul data-start=\"1881\" data-end=\"2670\"><li class=\"\" data-start=\"1881\" data-end=\"2166\"><p class=\"\" data-start=\"1883\" data-end=\"2166\"><strong data-start=\"1883\" data-end=\"1930\">Repos et limitation des activit\u00e9s physiques<\/strong> : \u00c9vitez les activit\u00e9s qui sollicitent le corps, en particulier le port de charges lourdes, les exercices intenses ou tout mouvement exer\u00e7ant une pression sur la zone pelvienne. Reposer le corps pendant la premi\u00e8re semaine est crucial.<\/p><\/li><li class=\"\" data-start=\"2170\" data-end=\"2328\"><p class=\"\" data-start=\"2172\" data-end=\"2328\"><strong data-start=\"2172\" data-end=\"2189\">Hygi\u00e8ne douce<\/strong> : Gardez la zone propre sans utiliser de savons agressifs. Rincez avec de l\u2019eau ti\u00e8de et s\u00e9chez d\u00e9licatement avec un linge propre et doux.<\/p><\/li><li class=\"\" data-start=\"2330\" data-end=\"2508\"><p class=\"\" data-start=\"2332\" data-end=\"2508\"><strong data-start=\"2332\" data-end=\"2369\">Porter des v\u00eatements confortables<\/strong> : Privil\u00e9giez les sous-v\u00eatements en coton larges et respirants. \u00c9vitez les v\u00eatements serr\u00e9s qui peuvent frotter ou irriter la zone op\u00e9r\u00e9e.<\/p><\/li><li class=\"\" data-start=\"2510\" data-end=\"2670\"><p class=\"\" data-start=\"2512\" data-end=\"2670\"><strong data-start=\"2512\" data-end=\"2537\">M\u00e9dicaments prescrits<\/strong> : Prenez les antalgiques et antibiotiques selon les indications de votre m\u00e9decin pour r\u00e9duire la douleur et pr\u00e9venir les infections.<\/p><\/li><\/ul><h2 data-start=\"2672\" data-end=\"2739\">Combien de temps dure la r\u00e9cup\u00e9ration apr\u00e8s une hym\u00e9noplastie ?<\/h2><p class=\"\" data-start=\"2741\" data-end=\"3115\">La dur\u00e9e de la r\u00e9cup\u00e9ration varie selon les individus, en fonction de la sant\u00e9 g\u00e9n\u00e9rale et du respect des soins post-op\u00e9ratoires. En g\u00e9n\u00e9ral, la r\u00e9cup\u00e9ration initiale prend environ une \u00e0 deux semaines, tandis qu\u2019une gu\u00e9rison compl\u00e8te peut n\u00e9cessiter six \u00e0 huit semaines. Durant cette p\u00e9riode, surveillez votre \u00e9tat et consultez votre m\u00e9decin en cas de sympt\u00f4mes inhabituels.<\/p><h2 data-start=\"3117\" data-end=\"3170\">Les \u00e9tapes de la gu\u00e9rison apr\u00e8s une hym\u00e9noplastie<\/h2><ul data-start=\"3172\" data-end=\"3773\"><li class=\"\" data-start=\"3172\" data-end=\"3336\"><p class=\"\" data-start=\"3174\" data-end=\"3336\"><strong data-start=\"3174\" data-end=\"3214\">Premi\u00e8re semaine (gu\u00e9rison initiale)<\/strong> : Vous pouvez ressentir un gonflement, une sensibilit\u00e9 et de l\u00e9gers saignements. Ces sympt\u00f4mes diminuent progressivement.<\/p><\/li><li class=\"\" data-start=\"3340\" data-end=\"3503\"><p class=\"\" data-start=\"3342\" data-end=\"3503\"><strong data-start=\"3342\" data-end=\"3407\">Deuxi\u00e8me \u00e0 quatri\u00e8me semaine (progression de la r\u00e9cup\u00e9ration)<\/strong> : Les douleurs et gonflements diminuent, mais les efforts physiques doivent encore \u00eatre \u00e9vit\u00e9s.<\/p><\/li><li class=\"\" data-start=\"3505\" data-end=\"3773\"><p class=\"\" data-start=\"3507\" data-end=\"3773\"><strong data-start=\"3507\" data-end=\"3557\">Sixi\u00e8me \u00e0 huiti\u00e8me semaine (gu\u00e9rison compl\u00e8te)<\/strong> : \u00c0 ce stade, la plupart des tissus sont cicatris\u00e9s. Vous pouvez reprendre vos activit\u00e9s normales, mais il est recommand\u00e9 de consulter votre m\u00e9decin avant de reprendre les rapports sexuels ou les activit\u00e9s intenses.<\/p><\/li><\/ul><h2 data-start=\"3775\" data-end=\"3845\">Sympt\u00f4mes courants et signes n\u00e9cessitant une consultation m\u00e9dicale<\/h2><p class=\"\" data-start=\"3847\" data-end=\"3929\">Certains sympt\u00f4mes sont normaux, mais d&rsquo;autres peuvent signaler une complication :<\/p><ul data-start=\"3931\" data-end=\"4289\"><li class=\"\" data-start=\"3931\" data-end=\"4060\"><p class=\"\" data-start=\"3933\" data-end=\"4060\"><strong data-start=\"3933\" data-end=\"3967\">Douleur persistante ou intense<\/strong> : Une douleur mod\u00e9r\u00e9e est attendue, mais une douleur intense ou continue doit \u00eatre signal\u00e9e.<\/p><\/li><li class=\"\" data-start=\"4062\" data-end=\"4131\"><p class=\"\" data-start=\"4064\" data-end=\"4131\"><strong data-start=\"4064\" data-end=\"4086\">Fi\u00e8vre ou frissons<\/strong> : Ces signes peuvent indiquer une infection.<\/p><\/li><li class=\"\" data-start=\"4133\" data-end=\"4289\"><p class=\"\" data-start=\"4135\" data-end=\"4289\"><strong data-start=\"4135\" data-end=\"4183\">Saignement abondant ou \u00e9coulement inhabituel<\/strong> : Une perte de sang importante ou une s\u00e9cr\u00e9tion anormale doit \u00eatre \u00e9valu\u00e9e par un professionnel de sant\u00e9.<\/p><\/li><\/ul><h2 data-start=\"4291\" data-end=\"4345\">Pr\u00e9venir les complications apr\u00e8s une hym\u00e9noplastie<\/h2><p class=\"\" data-start=\"4347\" data-end=\"4422\">Le respect des instructions m\u00e9dicales r\u00e9duit consid\u00e9rablement les risques :<\/p><ul data-start=\"4424\" data-end=\"4816\"><li class=\"\" data-start=\"4424\" data-end=\"4541\"><p class=\"\" data-start=\"4426\" data-end=\"4541\"><strong data-start=\"4426\" data-end=\"4489\">\u00c9viter les rapports sexuels pendant au moins 6 \u00e0 8 semaines<\/strong> : Reprendre trop t\u00f4t peut nuire \u00e0 la cicatrisation.<\/p><\/li><li class=\"\" data-start=\"4543\" data-end=\"4648\"><p class=\"\" data-start=\"4545\" data-end=\"4648\"><strong data-start=\"4545\" data-end=\"4575\">Ne pas utiliser de tampons<\/strong> : Pendant cette p\u00e9riode, utilisez uniquement des serviettes hygi\u00e9niques.<\/p><\/li><li class=\"\" data-start=\"4650\" data-end=\"4816\"><p class=\"\" data-start=\"4652\" data-end=\"4816\"><strong data-start=\"4652\" data-end=\"4685\">Limiter les efforts physiques<\/strong> : \u00c9vitez de soulever des objets lourds ou de faire des mouvements brusques qui pourraient exercer une pression sur la zone op\u00e9r\u00e9e.<\/p><\/li><\/ul><h2 data-start=\"4818\" data-end=\"4885\">Consid\u00e9rations mentales et \u00e9motionnelles durant la r\u00e9cup\u00e9ration<\/h2><p class=\"\" data-start=\"4887\" data-end=\"5164\">La r\u00e9cup\u00e9ration apr\u00e8s une hym\u00e9noplastie est autant \u00e9motionnelle que physique. Certaines femmes ressentent du soulagement, d\u2019autres de l\u2019anxi\u00e9t\u00e9. Il peut \u00eatre utile de parler avec un th\u00e9rapeute ou des proches. Prenez soin de votre bien-\u00eatre \u00e9motionnel tout au long du processus.<\/p><h2 data-start=\"5166\" data-end=\"5203\">Quand reprendre une vie normale ?<\/h2><p class=\"\" data-start=\"5205\" data-end=\"5434\">Les activit\u00e9s l\u00e9g\u00e8res peuvent \u00eatre reprises apr\u00e8s quelques jours. Cependant, \u00e9vitez tout effort important pendant au moins 6 \u00e0 8 semaines. Reprenez progressivement vos habitudes et consultez votre m\u00e9decin si vous avez des doutes.<\/p><h2 data-start=\"5436\" data-end=\"5491\">Soins \u00e0 long terme et hygi\u00e8ne apr\u00e8s l\u2019hym\u00e9noplastie<\/h2><p class=\"\" data-start=\"5493\" data-end=\"5566\">Maintenir une bonne hygi\u00e8ne intime est important m\u00eame apr\u00e8s la gu\u00e9rison :<\/p><ul data-start=\"5568\" data-end=\"5740\"><li class=\"\" data-start=\"5568\" data-end=\"5617\"><p class=\"\" data-start=\"5570\" data-end=\"5617\">Nettoyez doucement la zone avec de l\u2019eau ti\u00e8de.<\/p><\/li><li class=\"\" data-start=\"5618\" data-end=\"5663\"><p class=\"\" data-start=\"5620\" data-end=\"5663\">\u00c9vitez les produits irritants ou agressifs.<\/p><\/li><li class=\"\" data-start=\"5664\" data-end=\"5740\"><p class=\"\" data-start=\"5666\" data-end=\"5740\">Consultez r\u00e9guli\u00e8rement un gyn\u00e9cologue pour surveiller votre sant\u00e9 intime.<\/p><\/li><\/ul><h2 data-start=\"5742\" data-end=\"5789\">Les b\u00e9n\u00e9fices d\u2019un bon plan de r\u00e9cup\u00e9ration<\/h2><p class=\"\" data-start=\"5791\" data-end=\"5840\">Suivre un plan structur\u00e9 de r\u00e9cup\u00e9ration permet :<\/p><ul data-start=\"5842\" data-end=\"6216\"><li class=\"\" data-start=\"5842\" data-end=\"5924\"><p class=\"\" data-start=\"5844\" data-end=\"5924\"><strong data-start=\"5844\" data-end=\"5865\">Moins de douleurs<\/strong> : La douleur est mieux ma\u00eetris\u00e9e gr\u00e2ce aux soins ad\u00e9quats.<\/p><\/li><li class=\"\" data-start=\"5928\" data-end=\"6028\"><p class=\"\" data-start=\"5930\" data-end=\"6028\"><strong data-start=\"5930\" data-end=\"5950\">Moins de risques<\/strong> : Le respect de l\u2019hygi\u00e8ne et des restrictions r\u00e9duit les risques d\u2019infection.<\/p><\/li><li class=\"\" data-start=\"6030\" data-end=\"6116\"><p class=\"\" data-start=\"6032\" data-end=\"6116\"><strong data-start=\"6032\" data-end=\"6056\">Gu\u00e9rison plus rapide<\/strong> : Un bon repos favorise la r\u00e9g\u00e9n\u00e9ration naturelle du corps.<\/p><\/li><li class=\"\" data-start=\"6118\" data-end=\"6216\"><p class=\"\" data-start=\"6120\" data-end=\"6216\"><strong data-start=\"6120\" data-end=\"6143\">Meilleurs r\u00e9sultats<\/strong> : Une cicatrisation optimale am\u00e9liore la satisfaction du r\u00e9sultat final.<\/p><\/li><\/ul><p class=\"\" data-start=\"6279\" data-end=\"6681\">La r\u00e9cup\u00e9ration apr\u00e8s une hym\u00e9noplastie demande du temps, de la patience et un bon suivi m\u00e9dical. En respectant les diff\u00e9rentes \u00e9tapes de gu\u00e9rison, en prenant soin de votre sant\u00e9 mentale et en consultant un professionnel en cas de doute, vous augmentez vos chances de vivre une exp\u00e9rience positive et sereine. Chaque patiente est unique, donc un suivi personnalis\u00e9 avec votre m\u00e9decin est indispensable.<\/p>\t\t\t\t\t\t<\/div>\n\t\t\t\t<\/div>\n\t\t\t\t\t<\/div>\n\t\t<\/div>\n\t\t\t\t<div class=\"elementor-column elementor-col-33 elementor-top-column elementor-element elementor-element-a8a5134\" data-id=\"a8a5134\" data-element_type=\"column\">\n\t\t\t<div class=\"elementor-widget-wrap elementor-element-populated\">\n\t\t\t\t\t\t<div class=\"elementor-element elementor-element-db9aef5 iletisim-box elementor-flip-box--effect-flip elementor-flip-box--direction-up elementor-widget elementor-widget-flip-box\" data-id=\"db9aef5\" data-element_type=\"widget\" data-settings=\"{&quot;sticky&quot;:&quot;top&quot;,&quot;sticky_on&quot;:[&quot;desktop&quot;],&quot;sticky_offset&quot;:210,&quot;sticky_parent&quot;:&quot;yes&quot;,&quot;sticky_effects_offset&quot;:0}\" data-widget_type=\"flip-box.default\">\n\t\t\t\t<div class=\"elementor-widget-container\">\n\t\t\t<link rel=\"stylesheet\" href=\"https:\/\/turkeyhymenoplasty.com\/wp-content\/plugins\/elementor-pro\/assets\/css\/widget-flip-box.min.css\">\t\t<div class=\"elementor-flip-box\" tabindex=\"0\">\n\t\t\t<div class=\"elementor-flip-box__layer elementor-flip-box__front\">\n\t\t\t\t<div class=\"elementor-flip-box__layer__overlay\">\n\t\t\t\t\t<div class=\"elementor-flip-box__layer__inner\">\n\t\t\t\t\t\t\t\t\t\t\t\t\t<div class=\"elementor-icon-wrapper elementor-view-default\">\n\t\t\t\t\t\t\t\t<div class=\"elementor-icon\">\n\t\t\t\t\t\t\t\t\t<svg class=\"e-font-icon-svg e-far-calendar-check\" viewBox=\"0 0 448 512\" xmlns=\"http:\/\/www.w3.org\/2000\/svg\"><path d=\"M400 64h-48V12c0-6.627-5.373-12-12-12h-40c-6.627 0-12 5.373-12 12v52H160V12c0-6.627-5.373-12-12-12h-40c-6.627 0-12 5.373-12 12v52H48C21.49 64 0 85.49 0 112v352c0 26.51 21.49 48 48 48h352c26.51 0 48-21.49 48-48V112c0-26.51-21.49-48-48-48zm-6 400H54a6 6 0 0 1-6-6V160h352v298a6 6 0 0 1-6 6zm-52.849-200.65L198.842 404.519c-4.705 4.667-12.303 4.637-16.971-.068l-75.091-75.699c-4.667-4.705-4.637-12.303.068-16.971l22.719-22.536c4.705-4.667 12.303-4.637 16.97.069l44.104 44.461 111.072-110.181c4.705-4.667 12.303-4.637 16.971.068l22.536 22.718c4.667 4.705 4.636 12.303-.069 16.97z\"><\/path><\/svg>\t\t\t\t\t\t\t\t<\/div>\n\t\t\t\t\t\t\t<\/div>\n\t\t\t\t\t\t\n\t\t\t\t\t\t\t\t\t\t\t\t\t<h3 class=\"elementor-flip-box__layer__title\">\n\t\t\t\t\t\t\t\tPrendre rendez-vous\t\t\t\t\t\t\t<\/h3>\n\t\t\t\t\t\t\n\t\t\t\t\t\t\t\t\t\t\t\t\t<div class=\"elementor-flip-box__layer__description\">\n\t\t\t\t\t\t\t\tContactez-nous pour plus d'informations ou pour prendre un rendez-vous\t\t\t\t\t\t\t<\/div>\n\t\t\t\t\t\t\t\t\t\t\t<\/div>\n\t\t\t\t<\/div>\n\t\t\t<\/div>\n\t\t\t<div class=\"elementor-flip-box__layer elementor-flip-box__back\">\n\t\t\t<div class=\"elementor-flip-box__layer__overlay\">\n\t\t\t\t<div class=\"elementor-flip-box__layer__inner\">\n\t\t\t\t\t\n\t\t\t\t\t\t\t\t\t\t\t<div class=\"elementor-flip-box__layer__description\">\n\t\t\t\t\t\t\tVous pouvez nous contacter par t\u00e9l\u00e9phone, par courrier \u00e9lectronique ou nous rendre visite.\t\t\t\t\t\t<\/div>\n\t\t\t\t\t\n\t\t\t\t\t\t\t\t\t\t\t<a class=\"elementor-flip-box__button elementor-button elementor-size-md\" href=\"https:\/\/turkeyhymenoplasty.com\/fr\/contactez-nous\/\">\n\t\t\t\t\t\t\tContact\t\t\t\t\t\t<\/a>\n\t\t\t\t\t\t\t\t<\/div>\n\t\t<\/div>\n\t\t<\/div>\n\t\t<\/div>\n\t\t\t\t<\/div>\n\t\t\t\t<\/div>\n\t\t\t\t\t<\/div>\n\t\t<\/div>\n\t\t\t\t\t<\/div>\n\t\t<\/section>\n\t\t\t\t<\/div>\n\t\t","protected":false},"excerpt":{"rendered":"<p>L\u2019hym\u00e9noplastie, \u00e9galement connue sous le nom de chirurgie de r\u00e9paration de l\u2019hymen, est une proc\u00e9dure d\u00e9licate n\u00e9cessitant une prise en charge post-op\u00e9ratoire appropri\u00e9e. Comprendre le processus de r\u00e9cup\u00e9ration est essentiel pour une gu\u00e9rison r\u00e9ussie et sans complications. Cet article fournit des informations compl\u00e8tes sur les soins post-op\u00e9ratoires, les \u00e9tapes de gu\u00e9rison attendues, et des conseils [&hellip;]<\/p>\n","protected":false},"author":1,"featured_media":0,"parent":0,"menu_order":0,"comment_status":"closed","ping_status":"closed","template":"template\/template-home.php","meta":{"footnotes":""},"yoast_head":"<!-- This site is optimized with the Yoast SEO plugin v23.8 - https:\/\/yoast.com\/wordpress\/plugins\/seo\/ -->\n<title>R\u00e9cup\u00e9ration apr\u00e8s une hym\u00e9noplastie - Turkey Hymenoplasty<\/title>\n<meta name=\"robots\" content=\"index, follow, max-snippet:-1, max-image-preview:large, max-video-preview:-1\" \/>\n<link rel=\"canonical\" href=\"https:\/\/turkeyhymenoplasty.com\/fr\/recuperation-apres-une-hymenoplastie\/\" \/>\n<meta property=\"og:locale\" content=\"fr_FR\" \/>\n<meta property=\"og:type\" content=\"article\" \/>\n<meta property=\"og:title\" content=\"R\u00e9cup\u00e9ration apr\u00e8s une hym\u00e9noplastie - Turkey Hymenoplasty\" \/>\n<meta property=\"og:description\" content=\"L\u2019hym\u00e9noplastie, \u00e9galement connue sous le nom de chirurgie de r\u00e9paration de l\u2019hymen, est une proc\u00e9dure d\u00e9licate n\u00e9cessitant une prise en charge post-op\u00e9ratoire appropri\u00e9e. Comprendre le processus de r\u00e9cup\u00e9ration est essentiel pour une gu\u00e9rison r\u00e9ussie et sans complications. Cet article fournit des informations compl\u00e8tes sur les soins post-op\u00e9ratoires, les \u00e9tapes de gu\u00e9rison attendues, et des conseils [&hellip;]\" \/>\n<meta property=\"og:url\" content=\"https:\/\/turkeyhymenoplasty.com\/fr\/recuperation-apres-une-hymenoplastie\/\" \/>\n<meta property=\"og:site_name\" content=\"Turkey Hymenoplasty\" \/>\n<meta property=\"article:modified_time\" content=\"2025-04-22T13:11:20+00:00\" \/>\n<meta name=\"twitter:card\" content=\"summary_large_image\" \/>\n<meta name=\"twitter:label1\" content=\"Dur\u00e9e de lecture estim\u00e9e\" \/>\n\t<meta name=\"twitter:data1\" content=\"5 minutes\" \/>\n<script type=\"application\/ld+json\" class=\"yoast-schema-graph\">{\"@context\":\"https:\/\/schema.org\",\"@graph\":[{\"@type\":\"WebPage\",\"@id\":\"https:\/\/turkeyhymenoplasty.com\/fr\/recuperation-apres-une-hymenoplastie\/\",\"url\":\"https:\/\/turkeyhymenoplasty.com\/fr\/recuperation-apres-une-hymenoplastie\/\",\"name\":\"R\u00e9cup\u00e9ration apr\u00e8s une hym\u00e9noplastie - Turkey Hymenoplasty\",\"isPartOf\":{\"@id\":\"https:\/\/turkeyhymenoplasty.com\/#website\"},\"datePublished\":\"2024-10-16T07:13:50+00:00\",\"dateModified\":\"2025-04-22T13:11:20+00:00\",\"breadcrumb\":{\"@id\":\"https:\/\/turkeyhymenoplasty.com\/fr\/recuperation-apres-une-hymenoplastie\/#breadcrumb\"},\"inLanguage\":\"fr-FR\",\"potentialAction\":[{\"@type\":\"ReadAction\",\"target\":[\"https:\/\/turkeyhymenoplasty.com\/fr\/recuperation-apres-une-hymenoplastie\/\"]}]},{\"@type\":\"BreadcrumbList\",\"@id\":\"https:\/\/turkeyhymenoplasty.com\/fr\/recuperation-apres-une-hymenoplastie\/#breadcrumb\",\"itemListElement\":[{\"@type\":\"ListItem\",\"position\":1,\"name\":\"Home\",\"item\":\"https:\/\/turkeyhymenoplasty.com\/\"},{\"@type\":\"ListItem\",\"position\":2,\"name\":\"R\u00e9cup\u00e9ration apr\u00e8s une hym\u00e9noplastie\"}]},{\"@type\":\"WebSite\",\"@id\":\"https:\/\/turkeyhymenoplasty.com\/#website\",\"url\":\"https:\/\/turkeyhymenoplasty.com\/\",\"name\":\"Turkey Hymenoplasty\",\"description\":\"What Is Hymenoplasty\",\"publisher\":{\"@id\":\"https:\/\/turkeyhymenoplasty.com\/#organization\"},\"potentialAction\":[{\"@type\":\"SearchAction\",\"target\":{\"@type\":\"EntryPoint\",\"urlTemplate\":\"https:\/\/turkeyhymenoplasty.com\/?s={search_term_string}\"},\"query-input\":{\"@type\":\"PropertyValueSpecification\",\"valueRequired\":true,\"valueName\":\"search_term_string\"}}],\"inLanguage\":\"fr-FR\"},{\"@type\":\"Organization\",\"@id\":\"https:\/\/turkeyhymenoplasty.com\/#organization\",\"name\":\"Linest Clinic\",\"url\":\"https:\/\/turkeyhymenoplasty.com\/\",\"logo\":{\"@type\":\"ImageObject\",\"inLanguage\":\"fr-FR\",\"@id\":\"https:\/\/turkeyhymenoplasty.com\/#\/schema\/logo\/image\/\",\"url\":\"https:\/\/mlavglodfhxh.i.optimole.com\/cb:NNdJ.5778a\/w:auto\/h:auto\/q:mauto\/f:best\/https:\/\/turkeyhymenoplasty.com\/wp-content\/uploads\/2019\/08\/LINEST.png\",\"contentUrl\":\"https:\/\/mlavglodfhxh.i.optimole.com\/cb:NNdJ.5778a\/w:auto\/h:auto\/q:mauto\/f:best\/https:\/\/turkeyhymenoplasty.com\/wp-content\/uploads\/2019\/08\/LINEST.png\",\"width\":4897,\"height\":1043,\"caption\":\"Linest Clinic\"},\"image\":{\"@id\":\"https:\/\/turkeyhymenoplasty.com\/#\/schema\/logo\/image\/\"}}]}<\/script>\n<!-- \/ Yoast SEO plugin. -->","yoast_head_json":{"title":"R\u00e9cup\u00e9ration apr\u00e8s une hym\u00e9noplastie - Turkey Hymenoplasty","robots":{"index":"index","follow":"follow","max-snippet":"max-snippet:-1","max-image-preview":"max-image-preview:large","max-video-preview":"max-video-preview:-1"},"canonical":"https:\/\/turkeyhymenoplasty.com\/fr\/recuperation-apres-une-hymenoplastie\/","og_locale":"fr_FR","og_type":"article","og_title":"R\u00e9cup\u00e9ration apr\u00e8s une hym\u00e9noplastie - Turkey Hymenoplasty","og_description":"L\u2019hym\u00e9noplastie, \u00e9galement connue sous le nom de chirurgie de r\u00e9paration de l\u2019hymen, est une proc\u00e9dure d\u00e9licate n\u00e9cessitant une prise en charge post-op\u00e9ratoire appropri\u00e9e. Comprendre le processus de r\u00e9cup\u00e9ration est essentiel pour une gu\u00e9rison r\u00e9ussie et sans complications. Cet article fournit des informations compl\u00e8tes sur les soins post-op\u00e9ratoires, les \u00e9tapes de gu\u00e9rison attendues, et des conseils [&hellip;]","og_url":"https:\/\/turkeyhymenoplasty.com\/fr\/recuperation-apres-une-hymenoplastie\/","og_site_name":"Turkey Hymenoplasty","article_modified_time":"2025-04-22T13:11:20+00:00","twitter_card":"summary_large_image","twitter_misc":{"Dur\u00e9e de lecture estim\u00e9e":"5 minutes"},"schema":{"@context":"https:\/\/schema.org","@graph":[{"@type":"WebPage","@id":"https:\/\/turkeyhymenoplasty.com\/fr\/recuperation-apres-une-hymenoplastie\/","url":"https:\/\/turkeyhymenoplasty.com\/fr\/recuperation-apres-une-hymenoplastie\/","name":"R\u00e9cup\u00e9ration apr\u00e8s une hym\u00e9noplastie - Turkey Hymenoplasty","isPartOf":{"@id":"https:\/\/turkeyhymenoplasty.com\/#website"},"datePublished":"2024-10-16T07:13:50+00:00","dateModified":"2025-04-22T13:11:20+00:00","breadcrumb":{"@id":"https:\/\/turkeyhymenoplasty.com\/fr\/recuperation-apres-une-hymenoplastie\/#breadcrumb"},"inLanguage":"fr-FR","potentialAction":[{"@type":"ReadAction","target":["https:\/\/turkeyhymenoplasty.com\/fr\/recuperation-apres-une-hymenoplastie\/"]}]},{"@type":"BreadcrumbList","@id":"https:\/\/turkeyhymenoplasty.com\/fr\/recuperation-apres-une-hymenoplastie\/#breadcrumb","itemListElement":[{"@type":"ListItem","position":1,"name":"Home","item":"https:\/\/turkeyhymenoplasty.com\/"},{"@type":"ListItem","position":2,"name":"R\u00e9cup\u00e9ration apr\u00e8s une hym\u00e9noplastie"}]},{"@type":"WebSite","@id":"https:\/\/turkeyhymenoplasty.com\/#website","url":"https:\/\/turkeyhymenoplasty.com\/","name":"Turkey Hymenoplasty","description":"What Is Hymenoplasty","publisher":{"@id":"https:\/\/turkeyhymenoplasty.com\/#organization"},"potentialAction":[{"@type":"SearchAction","target":{"@type":"EntryPoint","urlTemplate":"https:\/\/turkeyhymenoplasty.com\/?s={search_term_string}"},"query-input":{"@type":"PropertyValueSpecification","valueRequired":true,"valueName":"search_term_string"}}],"inLanguage":"fr-FR"},{"@type":"Organization","@id":"https:\/\/turkeyhymenoplasty.com\/#organization","name":"Linest Clinic","url":"https:\/\/turkeyhymenoplasty.com\/","logo":{"@type":"ImageObject","inLanguage":"fr-FR","@id":"https:\/\/turkeyhymenoplasty.com\/#\/schema\/logo\/image\/","url":"https:\/\/mlavglodfhxh.i.optimole.com\/cb:NNdJ.5778a\/w:auto\/h:auto\/q:mauto\/f:best\/https:\/\/turkeyhymenoplasty.com\/wp-content\/uploads\/2019\/08\/LINEST.png","contentUrl":"https:\/\/mlavglodfhxh.i.optimole.com\/cb:NNdJ.5778a\/w:auto\/h:auto\/q:mauto\/f:best\/https:\/\/turkeyhymenoplasty.com\/wp-content\/uploads\/2019\/08\/LINEST.png","width":4897,"height":1043,"caption":"Linest Clinic"},"image":{"@id":"https:\/\/turkeyhymenoplasty.com\/#\/schema\/logo\/image\/"}}]}},"_links":{"self":[{"href":"https:\/\/turkeyhymenoplasty.com\/fr\/wp-json\/wp\/v2\/pages\/9463"}],"collection":[{"href":"https:\/\/turkeyhymenoplasty.com\/fr\/wp-json\/wp\/v2\/pages"}],"about":[{"href":"https:\/\/turkeyhymenoplasty.com\/fr\/wp-json\/wp\/v2\/types\/page"}],"author":[{"embeddable":true,"href":"https:\/\/turkeyhymenoplasty.com\/fr\/wp-json\/wp\/v2\/users\/1"}],"replies":[{"embeddable":true,"href":"https:\/\/turkeyhymenoplasty.com\/fr\/wp-json\/wp\/v2\/comments?post=9463"}],"version-history":[{"count":7,"href":"https:\/\/turkeyhymenoplasty.com\/fr\/wp-json\/wp\/v2\/pages\/9463\/revisions"}],"predecessor-version":[{"id":11234,"href":"https:\/\/turkeyhymenoplasty.com\/fr\/wp-json\/wp\/v2\/pages\/9463\/revisions\/11234"}],"wp:attachment":[{"href":"https:\/\/turkeyhymenoplasty.com\/fr\/wp-json\/wp\/v2\/media?parent=9463"}],"curies":[{"name":"wp","href":"https:\/\/api.w.org\/{rel}","templated":true}]}}