{"id":9470,"date":"2022-06-14T10:31:51","date_gmt":"2022-06-14T10:31:51","guid":{"rendered":"https:\/\/turkeylabiaplasty.com\/was-ist-eine-schamlippenverkleinerung\/"},"modified":"2025-04-22T14:04:00","modified_gmt":"2025-04-22T14:04:00","slug":"was-ist-hymenoplastik","status":"publish","type":"page","link":"https:\/\/turkeyhymenoplasty.com\/de\/was-ist-hymenoplastik\/","title":{"rendered":"Was ist Hymenoplastik?"},"content":{"rendered":"\t\t<div data-elementor-type=\"wp-post\" data-elementor-id=\"9470\" class=\"elementor elementor-9470 elementor-7656\" data-elementor-post-type=\"page\">\n\t\t\t\t\t\t<section class=\"elementor-section elementor-top-section elementor-element elementor-element-599d25c elementor-section-boxed elementor-section-height-default elementor-section-height-default\" data-id=\"599d25c\" data-element_type=\"section\">\n\t\t\t\t\t\t\t<div class=\"elementor-background-overlay\"><\/div>\n\t\t\t\t\t\t\t<div class=\"elementor-container elementor-column-gap-default\">\n\t\t\t\t\t<div class=\"elementor-column elementor-col-66 elementor-top-column elementor-element elementor-element-cbad41f\" data-id=\"cbad41f\" data-element_type=\"column\">\n\t\t\t<div class=\"elementor-widget-wrap elementor-element-populated\">\n\t\t\t\t\t\t<div class=\"elementor-element elementor-element-c3c50aa elementor-widget elementor-widget-text-editor\" data-id=\"c3c50aa\" data-element_type=\"widget\" data-widget_type=\"text-editor.default\">\n\t\t\t\t<div class=\"elementor-widget-container\">\n\t\t\t<style>\/*! elementor - v3.22.0 - 26-06-2024 *\/\n.elementor-widget-text-editor.elementor-drop-cap-view-stacked .elementor-drop-cap{background-color:#69727d;color:#fff}.elementor-widget-text-editor.elementor-drop-cap-view-framed .elementor-drop-cap{color:#69727d;border:3px solid;background-color:transparent}.elementor-widget-text-editor:not(.elementor-drop-cap-view-default) .elementor-drop-cap{margin-top:8px}.elementor-widget-text-editor:not(.elementor-drop-cap-view-default) .elementor-drop-cap-letter{width:1em;height:1em}.elementor-widget-text-editor .elementor-drop-cap{float:left;text-align:center;line-height:1;font-size:50px}.elementor-widget-text-editor .elementor-drop-cap-letter{display:inline-block}<\/style>\t\t\t\t<p class=\"\" data-start=\"241\" data-end=\"685\">Die Hymenoplastik, auch bekannt als Jungfernh\u00e4utchenrekonstruktion, ist ein kosmetischer chirurgischer Eingriff, bei dem das Hymen \u2013 eine d\u00fcnne Membran am Scheideneingang \u2013 repariert oder rekonstruiert wird. Der Eingriff wird aus kulturellen, pers\u00f6nlichen oder symbolischen Gr\u00fcnden immer h\u00e4ufiger weltweit nachgefragt. Dieser Artikel bietet einen umfassenden \u00dcberblick \u00fcber die Hymenoplastik, ihre Techniken, Vorteile und wichtige \u00dcberlegungen.<\/p><h2 class=\"\" data-start=\"692\" data-end=\"722\">Was ist eine Hymenoplastik?<\/h2><p class=\"\" data-start=\"724\" data-end=\"1176\">Die Hymenoplastik \u2013 auch Hymenrekonstruktion oder Hymenreparatur genannt \u2013 zielt darauf ab, das Hymen in einen Zustand zur\u00fcckzuf\u00fchren, der dem vor dem Geschlechtsverkehr \u00e4hnelt. Obwohl die Gr\u00fcnde f\u00fcr den Eingriff variieren, wird er h\u00e4ufig durchgef\u00fchrt, um kulturelle oder religi\u00f6se \u00dcberzeugungen zu erf\u00fcllen, die ein intaktes Hymen mit Jungfr\u00e4ulichkeit verbinden. Der Eingriff bietet eine diskrete und sichere M\u00f6glichkeit zur Rekonstruktion des Hymens.<\/p><h2 class=\"\" data-start=\"1183\" data-end=\"1218\">Die anatomische Rolle des Hymens<\/h2><p class=\"\" data-start=\"1220\" data-end=\"1716\">Das Hymen ist eine nat\u00fcrlich vorkommende, d\u00fcnne Gewebeschicht am Eingang der Vagina. Es ist keine durchg\u00e4ngige Membran, sondern enth\u00e4lt typischerweise eine oder mehrere \u00d6ffnungen f\u00fcr den Menstruationsfluss. Das Hymen kann durch verschiedene Aktivit\u00e4ten wie Sport, Tampongebrauch oder Geschlechtsverkehr gedehnt oder verletzt werden. Der Zustand des Hymens ist kein eindeutiger Indikator f\u00fcr sexuelle Aktivit\u00e4t. Die Hymenoplastik zielt darauf ab, die nat\u00fcrliche Form des Hymens wiederherzustellen.<\/p><h2 class=\"\" data-start=\"1723\" data-end=\"1785\">Techniken der Hymenoplastik: Wie funktioniert der Eingriff?<\/h2><p class=\"\" data-start=\"1787\" data-end=\"1972\">Die Hymenoplastik kann mit verschiedenen chirurgischen Methoden durchgef\u00fchrt werden, die alle auf ein nat\u00fcrliches und dauerhaftes Ergebnis abzielen. Zu den h\u00e4ufigsten Techniken geh\u00f6ren:<\/p><h3 class=\"\" data-start=\"1974\" data-end=\"2000\">Einfache Nahttechnik<\/h3><p class=\"\" data-start=\"2001\" data-end=\"2189\">Die Reste des gerissenen Hymens werden mit aufl\u00f6sbaren N\u00e4hten wieder zusammengen\u00e4ht. Der Eingriff dauert etwa 30 bis 60 Minuten, ist minimal invasiv und mit geringer Ausfallzeit verbunden.<\/p><h3 class=\"\" data-start=\"2191\" data-end=\"2214\">Alloplant-Technik<\/h3><p class=\"\" data-start=\"2215\" data-end=\"2399\">Wenn nicht gen\u00fcgend Hymengewebe vorhanden ist, wird ein biokompatibles Implantat eingesetzt, um das Hymen zu rekonstruieren. Diese Methode ist komplexer und ben\u00f6tigt mehr Heilungszeit.<\/p><h3 class=\"\" data-start=\"2401\" data-end=\"2426\">Laser-Hymenoplastik<\/h3><p class=\"\" data-start=\"2427\" data-end=\"2599\">Bei dieser Technik wird ein Laser verwendet, um das Hymen pr\u00e4zise und schonend zu rekonstruieren. Die Heilung verl\u00e4uft meist schneller, da die Gewebesch\u00e4digung minimal ist.<\/p><h2 class=\"\" data-start=\"2606\" data-end=\"2659\">Vorteile der Hymenoplastik: Physisch und emotional<\/h2><ul data-start=\"2661\" data-end=\"3281\"><li class=\"\" data-start=\"2661\" data-end=\"2857\"><p class=\"\" data-start=\"2663\" data-end=\"2857\"><strong data-start=\"2663\" data-end=\"2705\">Wiederherstellung des Selbstvertrauens<\/strong><br data-start=\"2705\" data-end=\"2708\" \/>Viele Frauen berichten nach dem Eingriff von gesteigertem Selbstwertgef\u00fchl, besonders in Kulturen, in denen das Hymen eine symbolische Bedeutung hat.<\/p><\/li><li class=\"\" data-start=\"2859\" data-end=\"3115\"><p class=\"\" data-start=\"2861\" data-end=\"3115\"><strong data-start=\"2861\" data-end=\"2902\">Minimale Narben und schnelle Erholung<\/strong><br data-start=\"2902\" data-end=\"2905\" \/>Da die Technik minimal-invasiv ist und resorbierbare N\u00e4hte verwendet werden, entstehen in der Regel keine sichtbaren Narben. Die meisten Frauen kehren innerhalb einer Woche zu ihren normalen Aktivit\u00e4ten zur\u00fcck.<\/p><\/li><li class=\"\" data-start=\"3117\" data-end=\"3281\"><p class=\"\" data-start=\"3119\" data-end=\"3281\"><strong data-start=\"3119\" data-end=\"3142\">Diskrete Behandlung<\/strong><br data-start=\"3142\" data-end=\"3145\" \/>Die Hymenoplastik wird ambulant durchgef\u00fchrt und erm\u00f6glicht ein hohes Ma\u00df an Privatsph\u00e4re \u2013 ein wichtiger Aspekt f\u00fcr viele Patientinnen.<\/p><\/li><\/ul><h2 class=\"\" data-start=\"3288\" data-end=\"3349\">Vorbereitung auf die Hymenoplastik: Was sollte man wissen?<\/h2><ul data-start=\"3351\" data-end=\"3926\"><li class=\"\" data-start=\"3351\" data-end=\"3518\"><p class=\"\" data-start=\"3353\" data-end=\"3518\"><strong data-start=\"3353\" data-end=\"3403\">Konsultation eines qualifizierten Spezialisten<\/strong><br data-start=\"3403\" data-end=\"3406\" \/>W\u00e4hlen Sie einen erfahrenen plastischen Gyn\u00e4kologen, der Sie umfassend beraten und Ihre Fragen beantworten kann.<\/p><\/li><li class=\"\" data-start=\"3520\" data-end=\"3767\"><p class=\"\" data-start=\"3522\" data-end=\"3767\"><strong data-start=\"3522\" data-end=\"3561\">Verst\u00e4ndnis von Risiken und Grenzen<\/strong><br data-start=\"3561\" data-end=\"3564\" \/>Wie jeder chirurgische Eingriff birgt auch die Hymenoplastik gewisse Risiken wie Infektionen oder leichte Blutungen. Zudem stellt sie keine \u201eWiederherstellung der Jungfr\u00e4ulichkeit\u201c im sozialen Sinne dar.<\/p><\/li><li class=\"\" data-start=\"3769\" data-end=\"3926\"><p class=\"\" data-start=\"3771\" data-end=\"3926\"><strong data-start=\"3771\" data-end=\"3795\">Offene Kommunikation<\/strong><br data-start=\"3795\" data-end=\"3798\" \/>Sprechen Sie offen \u00fcber Ihre Beweggr\u00fcnde und Erwartungen, um gemeinsam mit dem Arzt eine realistische Zielsetzung zu definieren.<\/p><\/li><\/ul><h2 class=\"\" data-start=\"3933\" data-end=\"3988\">Nachsorge bei einer Hymenoplastik: Was erwartet Sie?<\/h2><ul data-start=\"3990\" data-end=\"4414\"><li class=\"\" data-start=\"3990\" data-end=\"4117\"><p class=\"\" data-start=\"3992\" data-end=\"4117\"><strong data-start=\"3992\" data-end=\"4013\">Ruhe und Schonung<\/strong><br data-start=\"4013\" data-end=\"4016\" \/>Vermeiden Sie k\u00f6rperliche Anstrengungen, insbesondere im Beckenbereich, f\u00fcr mindestens einige Wochen.<\/p><\/li><li class=\"\" data-start=\"4119\" data-end=\"4249\"><p class=\"\" data-start=\"4121\" data-end=\"4249\"><strong data-start=\"4121\" data-end=\"4161\">Befolgung der Anweisungen des Arztes<\/strong><br data-start=\"4161\" data-end=\"4164\" \/>Kein Geschlechtsverkehr, keine Tampons und keine sportliche Belastung f\u00fcr 4\u20136 Wochen.<\/p><\/li><li class=\"\" data-start=\"4251\" data-end=\"4414\"><p class=\"\" data-start=\"4253\" data-end=\"4414\"><strong data-start=\"4253\" data-end=\"4282\">Auf Komplikationen achten<\/strong><br data-start=\"4282\" data-end=\"4285\" \/>Achten Sie auf Anzeichen wie R\u00f6tung, Schwellung oder ungew\u00f6hnlichen Ausfluss und kontaktieren Sie bei Bedarf umgehend Ihren Arzt.<\/p><\/li><\/ul><h2 class=\"\" data-start=\"4421\" data-end=\"4481\">Wer ist eine geeignete Kandidatin f\u00fcr eine Hymenoplastik?<\/h2><ul data-start=\"4483\" data-end=\"4960\"><li class=\"\" data-start=\"4483\" data-end=\"4649\"><p class=\"\" data-start=\"4485\" data-end=\"4649\"><strong data-start=\"4485\" data-end=\"4539\">Kulturelle, pers\u00f6nliche oder religi\u00f6se Beweggr\u00fcnde<\/strong><br data-start=\"4539\" data-end=\"4542\" \/>Die Hymenoplastik bietet eine Option f\u00fcr Frauen, die ihre Werte oder famili\u00e4ren Erwartungen wahren m\u00f6chten.<\/p><\/li><li class=\"\" data-start=\"4651\" data-end=\"4824\"><p class=\"\" data-start=\"4653\" data-end=\"4824\"><strong data-start=\"4653\" data-end=\"4697\">Wunsch nach Selbstbestimmung und Heilung<\/strong><br data-start=\"4697\" data-end=\"4700\" \/>F\u00fcr Frauen, die traumatische Erfahrungen gemacht haben, kann der Eingriff einen Schritt zur emotionalen Genesung darstellen.<\/p><\/li><li class=\"\" data-start=\"4826\" data-end=\"4960\"><p class=\"\" data-start=\"4828\" data-end=\"4960\"><strong data-start=\"4828\" data-end=\"4868\">Guter allgemeiner Gesundheitszustand<\/strong><br data-start=\"4868\" data-end=\"4871\" \/>Eine stabile k\u00f6rperliche Gesundheit ist wichtig f\u00fcr die sichere Durchf\u00fchrung und Heilung.<\/p><\/li><\/ul><h2 class=\"\" data-start=\"4967\" data-end=\"5022\">Kosten der Hymenoplastik: Was beeinflusst den Preis?<\/h2><p class=\"\" data-start=\"5024\" data-end=\"5139\">Die Kosten liegen im Durchschnitt zwischen <strong data-start=\"5067\" data-end=\"5096\">2.000 und 5.000 US-Dollar<\/strong>. Folgende Faktoren beeinflussen den Preis:<\/p><ul data-start=\"5141\" data-end=\"5416\"><li class=\"\" data-start=\"5141\" data-end=\"5290\"><p class=\"\" data-start=\"5143\" data-end=\"5290\"><strong data-start=\"5143\" data-end=\"5195\">Verwendete Technik und Komplexit\u00e4t des Eingriffs<\/strong><br data-start=\"5195\" data-end=\"5198\" \/>Komplexere Techniken wie die Alloplant-Methode oder Laserverfahren sind in der Regel teurer.<\/p><\/li><li class=\"\" data-start=\"5292\" data-end=\"5416\"><p class=\"\" data-start=\"5294\" data-end=\"5416\"><strong data-start=\"5294\" data-end=\"5325\">Ruf und Standort der Klinik<\/strong><br data-start=\"5325\" data-end=\"5328\" \/>Kliniken in Gro\u00dfst\u00e4dten oder mit bekannten Spezialisten verlangen meist h\u00f6here Geb\u00fchren.<\/p><\/li><\/ul><p class=\"\" data-start=\"5469\" data-end=\"5928\">Die Entscheidung f\u00fcr eine Hymenoplastik ist sehr pers\u00f6nlich und sollte mit Sorgfalt und nach umfassender Information getroffen werden. Der Eingriff kann sowohl k\u00f6rperlich als auch emotional Vorteile bringen \u2013 vorausgesetzt, er wird von einem qualifizierten Facharzt durchgef\u00fchrt und durch eine gute Nachsorge begleitet. Informieren Sie sich ausf\u00fchrlich \u00fcber die Techniken, Risiken und Erfolgsaussichten, um eine sichere und erf\u00fcllende Entscheidung zu treffen.<\/p>\t\t\t\t\t\t<\/div>\n\t\t\t\t<\/div>\n\t\t\t\t\t<\/div>\n\t\t<\/div>\n\t\t\t\t<div class=\"elementor-column elementor-col-33 elementor-top-column elementor-element elementor-element-a8a5134\" data-id=\"a8a5134\" data-element_type=\"column\">\n\t\t\t<div class=\"elementor-widget-wrap elementor-element-populated\">\n\t\t\t\t\t\t<div class=\"elementor-element elementor-element-5faceba iletisim-box elementor-flip-box--effect-flip elementor-flip-box--direction-up elementor-widget elementor-widget-flip-box\" data-id=\"5faceba\" data-element_type=\"widget\" data-settings=\"{&quot;sticky&quot;:&quot;top&quot;,&quot;sticky_on&quot;:[&quot;desktop&quot;],&quot;sticky_offset&quot;:210,&quot;sticky_parent&quot;:&quot;yes&quot;,&quot;sticky_effects_offset&quot;:0}\" data-widget_type=\"flip-box.default\">\n\t\t\t\t<div class=\"elementor-widget-container\">\n\t\t\t<link rel=\"stylesheet\" href=\"https:\/\/turkeyhymenoplasty.com\/wp-content\/plugins\/elementor-pro\/assets\/css\/widget-flip-box.min.css\">\t\t<div class=\"elementor-flip-box\" tabindex=\"0\">\n\t\t\t<div class=\"elementor-flip-box__layer elementor-flip-box__front\">\n\t\t\t\t<div class=\"elementor-flip-box__layer__overlay\">\n\t\t\t\t\t<div class=\"elementor-flip-box__layer__inner\">\n\t\t\t\t\t\t\t\t\t\t\t\t\t<div class=\"elementor-icon-wrapper elementor-view-default\">\n\t\t\t\t\t\t\t\t<div class=\"elementor-icon\">\n\t\t\t\t\t\t\t\t\t<svg class=\"e-font-icon-svg e-far-calendar-check\" viewBox=\"0 0 448 512\" xmlns=\"http:\/\/www.w3.org\/2000\/svg\"><path d=\"M400 64h-48V12c0-6.627-5.373-12-12-12h-40c-6.627 0-12 5.373-12 12v52H160V12c0-6.627-5.373-12-12-12h-40c-6.627 0-12 5.373-12 12v52H48C21.49 64 0 85.49 0 112v352c0 26.51 21.49 48 48 48h352c26.51 0 48-21.49 48-48V112c0-26.51-21.49-48-48-48zm-6 400H54a6 6 0 0 1-6-6V160h352v298a6 6 0 0 1-6 6zm-52.849-200.65L198.842 404.519c-4.705 4.667-12.303 4.637-16.971-.068l-75.091-75.699c-4.667-4.705-4.637-12.303.068-16.971l22.719-22.536c4.705-4.667 12.303-4.637 16.97.069l44.104 44.461 111.072-110.181c4.705-4.667 12.303-4.637 16.971.068l22.536 22.718c4.667 4.705 4.636 12.303-.069 16.97z\"><\/path><\/svg>\t\t\t\t\t\t\t\t<\/div>\n\t\t\t\t\t\t\t<\/div>\n\t\t\t\t\t\t\n\t\t\t\t\t\t\t\t\t\t\t\t\t<h3 class=\"elementor-flip-box__layer__title\">\n\t\t\t\t\t\t\t\tEinen Termin vereinbaren\t\t\t\t\t\t\t<\/h3>\n\t\t\t\t\t\t\n\t\t\t\t\t\t\t\t\t\t\t\t\t<div class=\"elementor-flip-box__layer__description\">\n\t\t\t\t\t\t\t\tKontaktieren Sie uns f\u00fcr weitere Informationen oder um einen Termin zu vereinbaren\t\t\t\t\t\t\t<\/div>\n\t\t\t\t\t\t\t\t\t\t\t<\/div>\n\t\t\t\t<\/div>\n\t\t\t<\/div>\n\t\t\t<div class=\"elementor-flip-box__layer elementor-flip-box__back\">\n\t\t\t<div class=\"elementor-flip-box__layer__overlay\">\n\t\t\t\t<div class=\"elementor-flip-box__layer__inner\">\n\t\t\t\t\t\n\t\t\t\t\t\t\t\t\t\t\t<div class=\"elementor-flip-box__layer__description\">\n\t\t\t\t\t\t\tSie k\u00f6nnen uns telefonisch oder per E-Mail kontaktieren oder uns besuchen.\t\t\t\t\t\t<\/div>\n\t\t\t\t\t\n\t\t\t\t\t\t\t\t\t\t\t<a class=\"elementor-flip-box__button elementor-button elementor-size-md\" href=\"https:\/\/turkeyhymenoplasty.com\/de\/kontaktieren-sie-uns\/\">\n\t\t\t\t\t\t\tKontakt\t\t\t\t\t\t<\/a>\n\t\t\t\t\t\t\t\t<\/div>\n\t\t<\/div>\n\t\t<\/div>\n\t\t<\/div>\n\t\t\t\t<\/div>\n\t\t\t\t<\/div>\n\t\t\t\t\t<\/div>\n\t\t<\/div>\n\t\t\t\t\t<\/div>\n\t\t<\/section>\n\t\t\t\t<\/div>\n\t\t","protected":false},"excerpt":{"rendered":"<p>Die Hymenoplastik, auch bekannt als Jungfernh\u00e4utchenrekonstruktion, ist ein kosmetischer chirurgischer Eingriff, bei dem das Hymen \u2013 eine d\u00fcnne Membran am Scheideneingang \u2013 repariert oder rekonstruiert wird. Der Eingriff wird aus kulturellen, pers\u00f6nlichen oder symbolischen Gr\u00fcnden immer h\u00e4ufiger weltweit nachgefragt. Dieser Artikel bietet einen umfassenden \u00dcberblick \u00fcber die Hymenoplastik, ihre Techniken, Vorteile und wichtige \u00dcberlegungen. Was [&hellip;]<\/p>\n","protected":false},"author":1,"featured_media":0,"parent":0,"menu_order":0,"comment_status":"closed","ping_status":"closed","template":"template\/template-home.php","meta":{"footnotes":""},"yoast_head":"<!-- This site is optimized with the Yoast SEO plugin v23.8 - https:\/\/yoast.com\/wordpress\/plugins\/seo\/ -->\n<title>Was ist Hymenoplastik? - Turkey Hymenoplasty<\/title>\n<meta name=\"robots\" content=\"index, follow, max-snippet:-1, max-image-preview:large, max-video-preview:-1\" \/>\n<link rel=\"canonical\" href=\"https:\/\/turkeyhymenoplasty.com\/de\/was-ist-hymenoplastik\/\" \/>\n<meta property=\"og:locale\" content=\"de_DE\" \/>\n<meta property=\"og:type\" content=\"article\" \/>\n<meta property=\"og:title\" content=\"Was ist Hymenoplastik? - Turkey Hymenoplasty\" \/>\n<meta property=\"og:description\" content=\"Die Hymenoplastik, auch bekannt als Jungfernh\u00e4utchenrekonstruktion, ist ein kosmetischer chirurgischer Eingriff, bei dem das Hymen \u2013 eine d\u00fcnne Membran am Scheideneingang \u2013 repariert oder rekonstruiert wird. Der Eingriff wird aus kulturellen, pers\u00f6nlichen oder symbolischen Gr\u00fcnden immer h\u00e4ufiger weltweit nachgefragt. Dieser Artikel bietet einen umfassenden \u00dcberblick \u00fcber die Hymenoplastik, ihre Techniken, Vorteile und wichtige \u00dcberlegungen. Was [&hellip;]\" \/>\n<meta property=\"og:url\" content=\"https:\/\/turkeyhymenoplasty.com\/de\/was-ist-hymenoplastik\/\" \/>\n<meta property=\"og:site_name\" content=\"Turkey Hymenoplasty\" \/>\n<meta property=\"article:modified_time\" content=\"2025-04-22T14:04:00+00:00\" \/>\n<meta name=\"twitter:card\" content=\"summary_large_image\" \/>\n<meta name=\"twitter:label1\" content=\"Gesch\u00e4tzte Lesezeit\" \/>\n\t<meta name=\"twitter:data1\" content=\"5\u00a0Minuten\" \/>\n<script type=\"application\/ld+json\" class=\"yoast-schema-graph\">{\"@context\":\"https:\/\/schema.org\",\"@graph\":[{\"@type\":\"WebPage\",\"@id\":\"https:\/\/turkeyhymenoplasty.com\/de\/was-ist-hymenoplastik\/\",\"url\":\"https:\/\/turkeyhymenoplasty.com\/de\/was-ist-hymenoplastik\/\",\"name\":\"Was ist Hymenoplastik? - Turkey Hymenoplasty\",\"isPartOf\":{\"@id\":\"https:\/\/turkeyhymenoplasty.com\/#website\"},\"datePublished\":\"2022-06-14T10:31:51+00:00\",\"dateModified\":\"2025-04-22T14:04:00+00:00\",\"breadcrumb\":{\"@id\":\"https:\/\/turkeyhymenoplasty.com\/de\/was-ist-hymenoplastik\/#breadcrumb\"},\"inLanguage\":\"de\",\"potentialAction\":[{\"@type\":\"ReadAction\",\"target\":[\"https:\/\/turkeyhymenoplasty.com\/de\/was-ist-hymenoplastik\/\"]}]},{\"@type\":\"BreadcrumbList\",\"@id\":\"https:\/\/turkeyhymenoplasty.com\/de\/was-ist-hymenoplastik\/#breadcrumb\",\"itemListElement\":[{\"@type\":\"ListItem\",\"position\":1,\"name\":\"Home\",\"item\":\"https:\/\/turkeyhymenoplasty.com\/\"},{\"@type\":\"ListItem\",\"position\":2,\"name\":\"Was ist Hymenoplastik?\"}]},{\"@type\":\"WebSite\",\"@id\":\"https:\/\/turkeyhymenoplasty.com\/#website\",\"url\":\"https:\/\/turkeyhymenoplasty.com\/\",\"name\":\"Turkey Hymenoplasty\",\"description\":\"What Is Hymenoplasty\",\"publisher\":{\"@id\":\"https:\/\/turkeyhymenoplasty.com\/#organization\"},\"potentialAction\":[{\"@type\":\"SearchAction\",\"target\":{\"@type\":\"EntryPoint\",\"urlTemplate\":\"https:\/\/turkeyhymenoplasty.com\/?s={search_term_string}\"},\"query-input\":{\"@type\":\"PropertyValueSpecification\",\"valueRequired\":true,\"valueName\":\"search_term_string\"}}],\"inLanguage\":\"de\"},{\"@type\":\"Organization\",\"@id\":\"https:\/\/turkeyhymenoplasty.com\/#organization\",\"name\":\"Linest Clinic\",\"url\":\"https:\/\/turkeyhymenoplasty.com\/\",\"logo\":{\"@type\":\"ImageObject\",\"inLanguage\":\"de\",\"@id\":\"https:\/\/turkeyhymenoplasty.com\/#\/schema\/logo\/image\/\",\"url\":\"https:\/\/mlavglodfhxh.i.optimole.com\/cb:NNdJ.5778a\/w:auto\/h:auto\/q:mauto\/f:best\/https:\/\/turkeyhymenoplasty.com\/wp-content\/uploads\/2019\/08\/LINEST.png\",\"contentUrl\":\"https:\/\/mlavglodfhxh.i.optimole.com\/cb:NNdJ.5778a\/w:auto\/h:auto\/q:mauto\/f:best\/https:\/\/turkeyhymenoplasty.com\/wp-content\/uploads\/2019\/08\/LINEST.png\",\"width\":4897,\"height\":1043,\"caption\":\"Linest Clinic\"},\"image\":{\"@id\":\"https:\/\/turkeyhymenoplasty.com\/#\/schema\/logo\/image\/\"}}]}<\/script>\n<!-- \/ Yoast SEO plugin. -->","yoast_head_json":{"title":"Was ist Hymenoplastik? - Turkey Hymenoplasty","robots":{"index":"index","follow":"follow","max-snippet":"max-snippet:-1","max-image-preview":"max-image-preview:large","max-video-preview":"max-video-preview:-1"},"canonical":"https:\/\/turkeyhymenoplasty.com\/de\/was-ist-hymenoplastik\/","og_locale":"de_DE","og_type":"article","og_title":"Was ist Hymenoplastik? - Turkey Hymenoplasty","og_description":"Die Hymenoplastik, auch bekannt als Jungfernh\u00e4utchenrekonstruktion, ist ein kosmetischer chirurgischer Eingriff, bei dem das Hymen \u2013 eine d\u00fcnne Membran am Scheideneingang \u2013 repariert oder rekonstruiert wird. Der Eingriff wird aus kulturellen, pers\u00f6nlichen oder symbolischen Gr\u00fcnden immer h\u00e4ufiger weltweit nachgefragt. Dieser Artikel bietet einen umfassenden \u00dcberblick \u00fcber die Hymenoplastik, ihre Techniken, Vorteile und wichtige \u00dcberlegungen. Was [&hellip;]","og_url":"https:\/\/turkeyhymenoplasty.com\/de\/was-ist-hymenoplastik\/","og_site_name":"Turkey Hymenoplasty","article_modified_time":"2025-04-22T14:04:00+00:00","twitter_card":"summary_large_image","twitter_misc":{"Gesch\u00e4tzte Lesezeit":"5\u00a0Minuten"},"schema":{"@context":"https:\/\/schema.org","@graph":[{"@type":"WebPage","@id":"https:\/\/turkeyhymenoplasty.com\/de\/was-ist-hymenoplastik\/","url":"https:\/\/turkeyhymenoplasty.com\/de\/was-ist-hymenoplastik\/","name":"Was ist Hymenoplastik? - Turkey Hymenoplasty","isPartOf":{"@id":"https:\/\/turkeyhymenoplasty.com\/#website"},"datePublished":"2022-06-14T10:31:51+00:00","dateModified":"2025-04-22T14:04:00+00:00","breadcrumb":{"@id":"https:\/\/turkeyhymenoplasty.com\/de\/was-ist-hymenoplastik\/#breadcrumb"},"inLanguage":"de","potentialAction":[{"@type":"ReadAction","target":["https:\/\/turkeyhymenoplasty.com\/de\/was-ist-hymenoplastik\/"]}]},{"@type":"BreadcrumbList","@id":"https:\/\/turkeyhymenoplasty.com\/de\/was-ist-hymenoplastik\/#breadcrumb","itemListElement":[{"@type":"ListItem","position":1,"name":"Home","item":"https:\/\/turkeyhymenoplasty.com\/"},{"@type":"ListItem","position":2,"name":"Was ist Hymenoplastik?"}]},{"@type":"WebSite","@id":"https:\/\/turkeyhymenoplasty.com\/#website","url":"https:\/\/turkeyhymenoplasty.com\/","name":"Turkey Hymenoplasty","description":"What Is Hymenoplasty","publisher":{"@id":"https:\/\/turkeyhymenoplasty.com\/#organization"},"potentialAction":[{"@type":"SearchAction","target":{"@type":"EntryPoint","urlTemplate":"https:\/\/turkeyhymenoplasty.com\/?s={search_term_string}"},"query-input":{"@type":"PropertyValueSpecification","valueRequired":true,"valueName":"search_term_string"}}],"inLanguage":"de"},{"@type":"Organization","@id":"https:\/\/turkeyhymenoplasty.com\/#organization","name":"Linest Clinic","url":"https:\/\/turkeyhymenoplasty.com\/","logo":{"@type":"ImageObject","inLanguage":"de","@id":"https:\/\/turkeyhymenoplasty.com\/#\/schema\/logo\/image\/","url":"https:\/\/mlavglodfhxh.i.optimole.com\/cb:NNdJ.5778a\/w:auto\/h:auto\/q:mauto\/f:best\/https:\/\/turkeyhymenoplasty.com\/wp-content\/uploads\/2019\/08\/LINEST.png","contentUrl":"https:\/\/mlavglodfhxh.i.optimole.com\/cb:NNdJ.5778a\/w:auto\/h:auto\/q:mauto\/f:best\/https:\/\/turkeyhymenoplasty.com\/wp-content\/uploads\/2019\/08\/LINEST.png","width":4897,"height":1043,"caption":"Linest Clinic"},"image":{"@id":"https:\/\/turkeyhymenoplasty.com\/#\/schema\/logo\/image\/"}}]}},"_links":{"self":[{"href":"https:\/\/turkeyhymenoplasty.com\/de\/wp-json\/wp\/v2\/pages\/9470"}],"collection":[{"href":"https:\/\/turkeyhymenoplasty.com\/de\/wp-json\/wp\/v2\/pages"}],"about":[{"href":"https:\/\/turkeyhymenoplasty.com\/de\/wp-json\/wp\/v2\/types\/page"}],"author":[{"embeddable":true,"href":"https:\/\/turkeyhymenoplasty.com\/de\/wp-json\/wp\/v2\/users\/1"}],"replies":[{"embeddable":true,"href":"https:\/\/turkeyhymenoplasty.com\/de\/wp-json\/wp\/v2\/comments?post=9470"}],"version-history":[{"count":9,"href":"https:\/\/turkeyhymenoplasty.com\/de\/wp-json\/wp\/v2\/pages\/9470\/revisions"}],"predecessor-version":[{"id":11269,"href":"https:\/\/turkeyhymenoplasty.com\/de\/wp-json\/wp\/v2\/pages\/9470\/revisions\/11269"}],"wp:attachment":[{"href":"https:\/\/turkeyhymenoplasty.com\/de\/wp-json\/wp\/v2\/media?parent=9470"}],"curies":[{"name":"wp","href":"https:\/\/api.w.org\/{rel}","templated":true}]}}