{"id":9461,"date":"2024-10-16T07:13:50","date_gmt":"2024-10-16T07:13:50","guid":{"rendered":"https:\/\/turkeylabiaplasty.com\/erholung-nach-einer-schamlippenkorrektur\/"},"modified":"2025-04-22T14:08:27","modified_gmt":"2025-04-22T14:08:27","slug":"erholung-nach-hymenoplastik","status":"publish","type":"page","link":"https:\/\/turkeyhymenoplasty.com\/de\/erholung-nach-hymenoplastik\/","title":{"rendered":"Erholung nach Hymenoplastik"},"content":{"rendered":"\t\t<div data-elementor-type=\"wp-post\" data-elementor-id=\"9461\" class=\"elementor elementor-9461 elementor-8438\" data-elementor-post-type=\"page\">\n\t\t\t\t\t\t<section class=\"elementor-section elementor-top-section elementor-element elementor-element-599d25c elementor-section-boxed elementor-section-height-default elementor-section-height-default\" data-id=\"599d25c\" data-element_type=\"section\">\n\t\t\t\t\t\t\t<div class=\"elementor-background-overlay\"><\/div>\n\t\t\t\t\t\t\t<div class=\"elementor-container elementor-column-gap-default\">\n\t\t\t\t\t<div class=\"elementor-column elementor-col-66 elementor-top-column elementor-element elementor-element-cbad41f\" data-id=\"cbad41f\" data-element_type=\"column\">\n\t\t\t<div class=\"elementor-widget-wrap elementor-element-populated\">\n\t\t\t\t\t\t<div class=\"elementor-element elementor-element-20f999f elementor-widget elementor-widget-text-editor\" data-id=\"20f999f\" data-element_type=\"widget\" data-widget_type=\"text-editor.default\">\n\t\t\t\t<div class=\"elementor-widget-container\">\n\t\t\t<style>\/*! elementor - v3.22.0 - 26-06-2024 *\/\n.elementor-widget-text-editor.elementor-drop-cap-view-stacked .elementor-drop-cap{background-color:#69727d;color:#fff}.elementor-widget-text-editor.elementor-drop-cap-view-framed .elementor-drop-cap{color:#69727d;border:3px solid;background-color:transparent}.elementor-widget-text-editor:not(.elementor-drop-cap-view-default) .elementor-drop-cap{margin-top:8px}.elementor-widget-text-editor:not(.elementor-drop-cap-view-default) .elementor-drop-cap-letter{width:1em;height:1em}.elementor-widget-text-editor .elementor-drop-cap{float:left;text-align:center;line-height:1;font-size:50px}.elementor-widget-text-editor .elementor-drop-cap-letter{display:inline-block}<\/style>\t\t\t\t<p class=\"\" data-start=\"218\" data-end=\"667\">Die Hymenoplastik, auch bekannt als Jungfernh\u00e4utchenrekonstruktion, ist ein sensibler chirurgischer Eingriff, der eine sorgf\u00e4ltige Nachsorge erfordert. Das Verst\u00e4ndnis des Heilungsverlaufs ist entscheidend f\u00fcr eine reibungslose und erfolgreiche Genesung. Dieser Artikel bietet umfassende Informationen \u00fcber die Erholungsphase nach der Hymenoplastik \u2013 inklusive postoperativer Pflege, Heilungsstadien und hilfreicher Tipps f\u00fcr eine optimale Genesung.<\/p><h2 class=\"\" data-start=\"674\" data-end=\"744\">Was ist eine Hymenoplastik und warum entscheiden sich Frauen daf\u00fcr?<\/h2><p class=\"\" data-start=\"746\" data-end=\"1274\">Die Hymenoplastik ist ein chirurgischer Eingriff zur Rekonstruktion des Hymens \u2013 einer d\u00fcnnen Membran am Eingang der Vagina. Viele Frauen entscheiden sich aus pers\u00f6nlichen, kulturellen oder religi\u00f6sen Gr\u00fcnden f\u00fcr diese Operation. Ziel des Eingriffs ist es, das Hymen so wiederherzustellen, dass es seiner urspr\u00fcnglichen Form vor einem eventuellen Einriss \u00e4hnelt. Zu verstehen, warum Frauen sich f\u00fcr diese Operation entscheiden, hilft dabei, realistische Erwartungen zu setzen und die Bedeutung einer guten Nachsorge zu erkennen.<\/p><h2 class=\"\" data-start=\"1281\" data-end=\"1327\">Was erwartet Sie direkt nach der Operation?<\/h2><p class=\"\" data-start=\"1329\" data-end=\"1775\">Unmittelbar nach der Hymenoplastik sind leichte Schmerzen, Schwellungen und Blutungen normal. Diese Symptome geh\u00f6ren zum nat\u00fcrlichen Heilungsprozess und sind in der Regel kein Grund zur Sorge. Der Eingriff wird meist ambulant durchgef\u00fchrt, sodass die Patientin am selben Tag wieder nach Hause gehen kann. Nach der Operation sollten Sie sich ausreichend ausruhen, k\u00f6rperliche Anstrengungen vermeiden und die Anweisungen des Arztes strikt befolgen.<\/p><h2 class=\"\" data-start=\"1782\" data-end=\"1838\">Tipps zur postoperativen Pflege bei der Hymenoplastik<\/h2><p class=\"\" data-start=\"1840\" data-end=\"1957\">Eine korrekte Nachsorge ist entscheidend f\u00fcr eine komplikationsfreie Heilung. Hier sind einige wichtige Empfehlungen:<\/p><ul data-start=\"1959\" data-end=\"2583\"><li class=\"\" data-start=\"1959\" data-end=\"2111\"><p class=\"\" data-start=\"1961\" data-end=\"2111\"><strong data-start=\"1961\" data-end=\"1994\">Ruhe und k\u00f6rperliche Schonung<\/strong>: Vermeiden Sie anstrengende Aktivit\u00e4ten wie schweres Heben oder intensiven Sport \u2013 insbesondere in der ersten Woche.<\/p><\/li><li class=\"\" data-start=\"2113\" data-end=\"2264\"><p class=\"\" data-start=\"2115\" data-end=\"2264\"><strong data-start=\"2115\" data-end=\"2140\">Reinlichkeit bewahren<\/strong>: Verwenden Sie keine aggressiven Seifen \u2013 reinigen Sie den Bereich vorsichtig mit warmem Wasser und tupfen Sie ihn trocken.<\/p><\/li><li class=\"\" data-start=\"2266\" data-end=\"2397\"><p class=\"\" data-start=\"2268\" data-end=\"2397\"><strong data-start=\"2268\" data-end=\"2295\">Bequeme Kleidung tragen<\/strong>: Weiche Baumwollunterw\u00e4sche und lockere Kleidung verhindern Reibung und Reizung im Operationsbereich.<\/p><\/li><li class=\"\" data-start=\"2399\" data-end=\"2583\"><p class=\"\" data-start=\"2401\" data-end=\"2583\"><strong data-start=\"2401\" data-end=\"2440\">Verschriebene Medikamente einnehmen<\/strong>: Befolgen Sie die Anweisungen Ihres Arztes bez\u00fcglich Schmerzmittel und ggf. Antibiotika, um Schmerzen zu lindern und Infektionen zu vermeiden.<\/p><\/li><\/ul><h2 class=\"\" data-start=\"2590\" data-end=\"2628\">Wie lange dauert die Erholungszeit?<\/h2><p class=\"\" data-start=\"2630\" data-end=\"2967\">Die Erholungsdauer kann je nach Gesundheitszustand und Einhaltung der Pflegehinweise variieren. Die erste Heilungsphase dauert etwa 1\u20132 Wochen, w\u00e4hrend eine vollst\u00e4ndige Heilung meist <strong data-start=\"2814\" data-end=\"2828\">6\u20138 Wochen<\/strong> ben\u00f6tigt. In dieser Zeit ist es wichtig, Ihren Heilungsprozess zu beobachten und bei Auff\u00e4lligkeiten R\u00fccksprache mit Ihrem Arzt zu halten.<\/p><h2 class=\"\" data-start=\"2974\" data-end=\"3016\">Heilungsphasen nach einer Hymenoplastik<\/h2><ul data-start=\"3018\" data-end=\"3503\"><li class=\"\" data-start=\"3018\" data-end=\"3148\"><p class=\"\" data-start=\"3020\" data-end=\"3148\"><strong data-start=\"3020\" data-end=\"3050\">Woche 1 (initiale Heilung)<\/strong>: Leichte Blutungen, Schwellungen und Druckempfindlichkeit sind normal und lassen allm\u00e4hlich nach.<\/p><\/li><li class=\"\" data-start=\"3150\" data-end=\"3268\"><p class=\"\" data-start=\"3152\" data-end=\"3268\"><strong data-start=\"3152\" data-end=\"3191\">Woche 2\u20134 (fortschreitende Heilung)<\/strong>: Beschwerden nehmen weiter ab, k\u00f6rperliche Schonung ist weiterhin empfohlen.<\/p><\/li><li class=\"\" data-start=\"3270\" data-end=\"3503\"><p class=\"\" data-start=\"3272\" data-end=\"3503\"><strong data-start=\"3272\" data-end=\"3309\">Woche 6\u20138 (vollst\u00e4ndige Erholung)<\/strong>: Der Heilungsprozess ist in der Regel abgeschlossen. Normale Aktivit\u00e4ten k\u00f6nnen wieder aufgenommen werden, jedoch sollte die R\u00fcckkehr zu intensiveren Aktivit\u00e4ten mit dem Arzt abgestimmt werden.<\/p><\/li><\/ul><h2 class=\"\" data-start=\"3510\" data-end=\"3587\">H\u00e4ufige Symptome w\u00e4hrend der Heilung \u2013 Wann ist \u00e4rztliche Hilfe notwendig?<\/h2><p class=\"\" data-start=\"3589\" data-end=\"3660\">Einige Symptome sind normal, andere erfordern eine \u00e4rztliche Abkl\u00e4rung:<\/p><ul data-start=\"3662\" data-end=\"4057\"><li class=\"\" data-start=\"3662\" data-end=\"3802\"><p class=\"\" data-start=\"3664\" data-end=\"3802\"><strong data-start=\"3664\" data-end=\"3700\">Anhaltende oder starke Schmerzen<\/strong>: Leichte Schmerzen sind \u00fcblich, starke oder andauernde Schmerzen k\u00f6nnen auf Komplikationen hinweisen.<\/p><\/li><li class=\"\" data-start=\"3804\" data-end=\"3909\"><p class=\"\" data-start=\"3806\" data-end=\"3909\"><strong data-start=\"3806\" data-end=\"3835\">Fieber oder Sch\u00fcttelfrost<\/strong>: K\u00f6nnen Anzeichen einer Infektion sein \u2013 sofort \u00e4rztlich abkl\u00e4ren lassen.<\/p><\/li><li class=\"\" data-start=\"3911\" data-end=\"4057\"><p class=\"\" data-start=\"3913\" data-end=\"4057\"><strong data-start=\"3913\" data-end=\"3962\">Starke Blutungen oder ungew\u00f6hnlicher Ausfluss<\/strong>: Bei \u00fcberm\u00e4\u00dfigem Blut oder ungew\u00f6hnlichem Sekret sollten Sie umgehend Ihren Arzt kontaktieren.<\/p><\/li><\/ul><h2 class=\"\" data-start=\"4064\" data-end=\"4129\">Komplikationen vermeiden \u2013 So sch\u00fctzen Sie den Heilungsprozess<\/h2><ul data-start=\"4131\" data-end=\"4540\"><li class=\"\" data-start=\"4131\" data-end=\"4272\"><p class=\"\" data-start=\"4133\" data-end=\"4272\"><strong data-start=\"4133\" data-end=\"4186\">Kein Geschlechtsverkehr f\u00fcr mindestens 6\u20138 Wochen<\/strong>: Fr\u00fchzeitiger Geschlechtsverkehr kann die Heilung st\u00f6ren und Infektionen beg\u00fcnstigen.<\/p><\/li><li class=\"\" data-start=\"4274\" data-end=\"4366\"><p class=\"\" data-start=\"4276\" data-end=\"4366\"><strong data-start=\"4276\" data-end=\"4303\">Keine Tampons verwenden<\/strong>: F\u00fcr mindestens 6\u20138 Wochen \u2013 verwenden Sie stattdessen Binden.<\/p><\/li><li class=\"\" data-start=\"4368\" data-end=\"4540\"><p class=\"\" data-start=\"4370\" data-end=\"4540\"><strong data-start=\"4370\" data-end=\"4405\">K\u00f6rperliche Belastung vermeiden<\/strong>: Vorsicht bei schwerem Heben, B\u00fccken oder schnellen Bewegungen \u2013 diese k\u00f6nnen Druck auf den Bereich aus\u00fcben und die Heilung verz\u00f6gern.<\/p><\/li><\/ul><h2 class=\"\" data-start=\"4547\" data-end=\"4589\">Emotionale Aspekte w\u00e4hrend der Genesung<\/h2><p class=\"\" data-start=\"4591\" data-end=\"4964\">Die Erholungsphase betrifft nicht nur den K\u00f6rper \u2013 viele Frauen erleben auch emotionale Reaktionen wie Erleichterung, Freude, aber auch Unsicherheit oder Angst. Gespr\u00e4che mit Familie, Freunden oder Therapeuten k\u00f6nnen helfen, mit diesen Gef\u00fchlen umzugehen. Denken Sie daran: Heilung ist ein individueller Prozess und ben\u00f6tigt sowohl k\u00f6rperliche als auch emotionale F\u00fcrsorge.<\/p><h2 class=\"\" data-start=\"4971\" data-end=\"5023\">Wann kann man wieder zur Normalit\u00e4t zur\u00fcckkehren?<\/h2><p class=\"\" data-start=\"5025\" data-end=\"5330\">Leichte Alltagsaktivit\u00e4ten sind oft nach wenigen Tagen wieder m\u00f6glich. Auf schweres Heben, intensiven Sport und Belastung sollte aber f\u00fcr <strong data-start=\"5163\" data-end=\"5188\">mindestens 6\u20138 Wochen<\/strong> verzichtet werden. H\u00f6ren Sie auf Ihren K\u00f6rper und steigern Sie Aktivit\u00e4ten nur schrittweise \u2013 bei Unsicherheiten immer den Arzt konsultieren.<\/p><h2 class=\"\" data-start=\"5337\" data-end=\"5394\">Langfristige Pflege und Hygiene nach der Hymenoplastik<\/h2><ul data-start=\"5396\" data-end=\"5618\"><li class=\"\" data-start=\"5396\" data-end=\"5435\"><p class=\"\" data-start=\"5398\" data-end=\"5435\"><strong data-start=\"5398\" data-end=\"5421\">Sanfte Intimhygiene<\/strong> beibehalten<\/p><\/li><li class=\"\" data-start=\"5436\" data-end=\"5515\"><p class=\"\" data-start=\"5438\" data-end=\"5515\"><strong data-start=\"5438\" data-end=\"5471\">Aggressive Produkte vermeiden<\/strong>, die die empfindliche Haut reizen k\u00f6nnten<\/p><\/li><li class=\"\" data-start=\"5516\" data-end=\"5618\"><p class=\"\" data-start=\"5518\" data-end=\"5618\"><strong data-start=\"5518\" data-end=\"5563\">Regelm\u00e4\u00dfige gyn\u00e4kologische Untersuchungen<\/strong> wahrnehmen, um langfristige Intimgesundheit zu sichern<\/p><\/li><\/ul><h2 class=\"\" data-start=\"5625\" data-end=\"5667\">Vorteile einer strukturierten Nachsorge<\/h2><ul data-start=\"5669\" data-end=\"5862\"><li class=\"\" data-start=\"5669\" data-end=\"5710\"><p class=\"\" data-start=\"5671\" data-end=\"5710\"><strong data-start=\"5671\" data-end=\"5708\">Weniger Schmerzen und Beschwerden<\/strong><\/p><\/li><li class=\"\" data-start=\"5711\" data-end=\"5756\"><p class=\"\" data-start=\"5713\" data-end=\"5756\"><strong data-start=\"5713\" data-end=\"5754\">Reduziertes Risiko f\u00fcr Komplikationen<\/strong><\/p><\/li><li class=\"\" data-start=\"5757\" data-end=\"5810\"><p class=\"\" data-start=\"5759\" data-end=\"5810\"><strong data-start=\"5759\" data-end=\"5808\">Schnellere Heilung und R\u00fcckkehr in den Alltag<\/strong><\/p><\/li><li class=\"\" data-start=\"5811\" data-end=\"5862\"><p class=\"\" data-start=\"5813\" data-end=\"5862\"><strong data-start=\"5813\" data-end=\"5862\">Bessere \u00e4sthetische und emotionale Ergebnisse<\/strong><\/p><\/li><\/ul><p class=\"\" data-start=\"5926\" data-end=\"6335\">Die Erholung nach einer Hymenoplastik erfordert Geduld, \u00e4rztliche Begleitung und Aufmerksamkeit f\u00fcr das eigene k\u00f6rperliche und seelische Wohlbefinden. Wer den Heilungsverlauf versteht und \u00e4rztliche Ratschl\u00e4ge beachtet, kann die Erholungsphase positiv gestalten. Jede Frau erlebt diesen Prozess anders \u2013 deshalb ist es wichtig, individuelle Fragen und Sorgen stets mit medizinischem Fachpersonal zu besprechen.<\/p>\t\t\t\t\t\t<\/div>\n\t\t\t\t<\/div>\n\t\t\t\t\t<\/div>\n\t\t<\/div>\n\t\t\t\t<div class=\"elementor-column elementor-col-33 elementor-top-column elementor-element elementor-element-a8a5134\" data-id=\"a8a5134\" data-element_type=\"column\">\n\t\t\t<div class=\"elementor-widget-wrap elementor-element-populated\">\n\t\t\t\t\t\t<div class=\"elementor-element elementor-element-db9aef5 iletisim-box elementor-flip-box--effect-flip elementor-flip-box--direction-up elementor-widget elementor-widget-flip-box\" data-id=\"db9aef5\" data-element_type=\"widget\" data-settings=\"{&quot;sticky&quot;:&quot;top&quot;,&quot;sticky_on&quot;:[&quot;desktop&quot;],&quot;sticky_offset&quot;:210,&quot;sticky_parent&quot;:&quot;yes&quot;,&quot;sticky_effects_offset&quot;:0}\" data-widget_type=\"flip-box.default\">\n\t\t\t\t<div class=\"elementor-widget-container\">\n\t\t\t<link rel=\"stylesheet\" href=\"https:\/\/turkeyhymenoplasty.com\/wp-content\/plugins\/elementor-pro\/assets\/css\/widget-flip-box.min.css\">\t\t<div class=\"elementor-flip-box\" tabindex=\"0\">\n\t\t\t<div class=\"elementor-flip-box__layer elementor-flip-box__front\">\n\t\t\t\t<div class=\"elementor-flip-box__layer__overlay\">\n\t\t\t\t\t<div class=\"elementor-flip-box__layer__inner\">\n\t\t\t\t\t\t\t\t\t\t\t\t\t<div class=\"elementor-icon-wrapper elementor-view-default\">\n\t\t\t\t\t\t\t\t<div class=\"elementor-icon\">\n\t\t\t\t\t\t\t\t\t<svg class=\"e-font-icon-svg e-far-calendar-check\" viewBox=\"0 0 448 512\" xmlns=\"http:\/\/www.w3.org\/2000\/svg\"><path d=\"M400 64h-48V12c0-6.627-5.373-12-12-12h-40c-6.627 0-12 5.373-12 12v52H160V12c0-6.627-5.373-12-12-12h-40c-6.627 0-12 5.373-12 12v52H48C21.49 64 0 85.49 0 112v352c0 26.51 21.49 48 48 48h352c26.51 0 48-21.49 48-48V112c0-26.51-21.49-48-48-48zm-6 400H54a6 6 0 0 1-6-6V160h352v298a6 6 0 0 1-6 6zm-52.849-200.65L198.842 404.519c-4.705 4.667-12.303 4.637-16.971-.068l-75.091-75.699c-4.667-4.705-4.637-12.303.068-16.971l22.719-22.536c4.705-4.667 12.303-4.637 16.97.069l44.104 44.461 111.072-110.181c4.705-4.667 12.303-4.637 16.971.068l22.536 22.718c4.667 4.705 4.636 12.303-.069 16.97z\"><\/path><\/svg>\t\t\t\t\t\t\t\t<\/div>\n\t\t\t\t\t\t\t<\/div>\n\t\t\t\t\t\t\n\t\t\t\t\t\t\t\t\t\t\t\t\t<h3 class=\"elementor-flip-box__layer__title\">\n\t\t\t\t\t\t\t\tEinen Termin vereinbaren\t\t\t\t\t\t\t<\/h3>\n\t\t\t\t\t\t\n\t\t\t\t\t\t\t\t\t\t\t\t\t<div class=\"elementor-flip-box__layer__description\">\n\t\t\t\t\t\t\t\tKontaktieren Sie uns f\u00fcr weitere Informationen oder um einen Termin zu vereinbaren\t\t\t\t\t\t\t<\/div>\n\t\t\t\t\t\t\t\t\t\t\t<\/div>\n\t\t\t\t<\/div>\n\t\t\t<\/div>\n\t\t\t<div class=\"elementor-flip-box__layer elementor-flip-box__back\">\n\t\t\t<div class=\"elementor-flip-box__layer__overlay\">\n\t\t\t\t<div class=\"elementor-flip-box__layer__inner\">\n\t\t\t\t\t\n\t\t\t\t\t\t\t\t\t\t\t<div class=\"elementor-flip-box__layer__description\">\n\t\t\t\t\t\t\tSie k\u00f6nnen uns telefonisch oder per E-Mail kontaktieren oder uns besuchen.\t\t\t\t\t\t<\/div>\n\t\t\t\t\t\n\t\t\t\t\t\t\t\t\t\t\t<a class=\"elementor-flip-box__button elementor-button elementor-size-md\" href=\"https:\/\/turkeyhymenoplasty.com\/de\/kontaktieren-sie-uns\/\">\n\t\t\t\t\t\t\tKontakt\t\t\t\t\t\t<\/a>\n\t\t\t\t\t\t\t\t<\/div>\n\t\t<\/div>\n\t\t<\/div>\n\t\t<\/div>\n\t\t\t\t<\/div>\n\t\t\t\t<\/div>\n\t\t\t\t\t<\/div>\n\t\t<\/div>\n\t\t\t\t\t<\/div>\n\t\t<\/section>\n\t\t\t\t<\/div>\n\t\t","protected":false},"excerpt":{"rendered":"<p>Die Hymenoplastik, auch bekannt als Jungfernh\u00e4utchenrekonstruktion, ist ein sensibler chirurgischer Eingriff, der eine sorgf\u00e4ltige Nachsorge erfordert. Das Verst\u00e4ndnis des Heilungsverlaufs ist entscheidend f\u00fcr eine reibungslose und erfolgreiche Genesung. Dieser Artikel bietet umfassende Informationen \u00fcber die Erholungsphase nach der Hymenoplastik \u2013 inklusive postoperativer Pflege, Heilungsstadien und hilfreicher Tipps f\u00fcr eine optimale Genesung. Was ist eine Hymenoplastik [&hellip;]<\/p>\n","protected":false},"author":1,"featured_media":0,"parent":0,"menu_order":0,"comment_status":"closed","ping_status":"closed","template":"template\/template-home.php","meta":{"footnotes":""},"yoast_head":"<!-- This site is optimized with the Yoast SEO plugin v23.8 - https:\/\/yoast.com\/wordpress\/plugins\/seo\/ -->\n<title>Erholung nach Hymenoplastik - Turkey Hymenoplasty<\/title>\n<meta name=\"robots\" content=\"index, follow, max-snippet:-1, max-image-preview:large, max-video-preview:-1\" \/>\n<link rel=\"canonical\" href=\"https:\/\/turkeyhymenoplasty.com\/de\/erholung-nach-hymenoplastik\/\" \/>\n<meta property=\"og:locale\" content=\"de_DE\" \/>\n<meta property=\"og:type\" content=\"article\" \/>\n<meta property=\"og:title\" content=\"Erholung nach Hymenoplastik - Turkey Hymenoplasty\" \/>\n<meta property=\"og:description\" content=\"Die Hymenoplastik, auch bekannt als Jungfernh\u00e4utchenrekonstruktion, ist ein sensibler chirurgischer Eingriff, der eine sorgf\u00e4ltige Nachsorge erfordert. Das Verst\u00e4ndnis des Heilungsverlaufs ist entscheidend f\u00fcr eine reibungslose und erfolgreiche Genesung. Dieser Artikel bietet umfassende Informationen \u00fcber die Erholungsphase nach der Hymenoplastik \u2013 inklusive postoperativer Pflege, Heilungsstadien und hilfreicher Tipps f\u00fcr eine optimale Genesung. Was ist eine Hymenoplastik [&hellip;]\" \/>\n<meta property=\"og:url\" content=\"https:\/\/turkeyhymenoplasty.com\/de\/erholung-nach-hymenoplastik\/\" \/>\n<meta property=\"og:site_name\" content=\"Turkey Hymenoplasty\" \/>\n<meta property=\"article:modified_time\" content=\"2025-04-22T14:08:27+00:00\" \/>\n<meta name=\"twitter:card\" content=\"summary_large_image\" \/>\n<meta name=\"twitter:label1\" content=\"Gesch\u00e4tzte Lesezeit\" \/>\n\t<meta name=\"twitter:data1\" content=\"5\u00a0Minuten\" \/>\n<script type=\"application\/ld+json\" class=\"yoast-schema-graph\">{\"@context\":\"https:\/\/schema.org\",\"@graph\":[{\"@type\":\"WebPage\",\"@id\":\"https:\/\/turkeyhymenoplasty.com\/de\/erholung-nach-hymenoplastik\/\",\"url\":\"https:\/\/turkeyhymenoplasty.com\/de\/erholung-nach-hymenoplastik\/\",\"name\":\"Erholung nach Hymenoplastik - Turkey Hymenoplasty\",\"isPartOf\":{\"@id\":\"https:\/\/turkeyhymenoplasty.com\/#website\"},\"datePublished\":\"2024-10-16T07:13:50+00:00\",\"dateModified\":\"2025-04-22T14:08:27+00:00\",\"breadcrumb\":{\"@id\":\"https:\/\/turkeyhymenoplasty.com\/de\/erholung-nach-hymenoplastik\/#breadcrumb\"},\"inLanguage\":\"de\",\"potentialAction\":[{\"@type\":\"ReadAction\",\"target\":[\"https:\/\/turkeyhymenoplasty.com\/de\/erholung-nach-hymenoplastik\/\"]}]},{\"@type\":\"BreadcrumbList\",\"@id\":\"https:\/\/turkeyhymenoplasty.com\/de\/erholung-nach-hymenoplastik\/#breadcrumb\",\"itemListElement\":[{\"@type\":\"ListItem\",\"position\":1,\"name\":\"Home\",\"item\":\"https:\/\/turkeyhymenoplasty.com\/\"},{\"@type\":\"ListItem\",\"position\":2,\"name\":\"Erholung nach Hymenoplastik\"}]},{\"@type\":\"WebSite\",\"@id\":\"https:\/\/turkeyhymenoplasty.com\/#website\",\"url\":\"https:\/\/turkeyhymenoplasty.com\/\",\"name\":\"Turkey Hymenoplasty\",\"description\":\"What Is Hymenoplasty\",\"publisher\":{\"@id\":\"https:\/\/turkeyhymenoplasty.com\/#organization\"},\"potentialAction\":[{\"@type\":\"SearchAction\",\"target\":{\"@type\":\"EntryPoint\",\"urlTemplate\":\"https:\/\/turkeyhymenoplasty.com\/?s={search_term_string}\"},\"query-input\":{\"@type\":\"PropertyValueSpecification\",\"valueRequired\":true,\"valueName\":\"search_term_string\"}}],\"inLanguage\":\"de\"},{\"@type\":\"Organization\",\"@id\":\"https:\/\/turkeyhymenoplasty.com\/#organization\",\"name\":\"Linest Clinic\",\"url\":\"https:\/\/turkeyhymenoplasty.com\/\",\"logo\":{\"@type\":\"ImageObject\",\"inLanguage\":\"de\",\"@id\":\"https:\/\/turkeyhymenoplasty.com\/#\/schema\/logo\/image\/\",\"url\":\"https:\/\/mlavglodfhxh.i.optimole.com\/cb:NNdJ.5778a\/w:auto\/h:auto\/q:mauto\/f:best\/https:\/\/turkeyhymenoplasty.com\/wp-content\/uploads\/2019\/08\/LINEST.png\",\"contentUrl\":\"https:\/\/mlavglodfhxh.i.optimole.com\/cb:NNdJ.5778a\/w:auto\/h:auto\/q:mauto\/f:best\/https:\/\/turkeyhymenoplasty.com\/wp-content\/uploads\/2019\/08\/LINEST.png\",\"width\":4897,\"height\":1043,\"caption\":\"Linest Clinic\"},\"image\":{\"@id\":\"https:\/\/turkeyhymenoplasty.com\/#\/schema\/logo\/image\/\"}}]}<\/script>\n<!-- \/ Yoast SEO plugin. -->","yoast_head_json":{"title":"Erholung nach Hymenoplastik - Turkey Hymenoplasty","robots":{"index":"index","follow":"follow","max-snippet":"max-snippet:-1","max-image-preview":"max-image-preview:large","max-video-preview":"max-video-preview:-1"},"canonical":"https:\/\/turkeyhymenoplasty.com\/de\/erholung-nach-hymenoplastik\/","og_locale":"de_DE","og_type":"article","og_title":"Erholung nach Hymenoplastik - Turkey Hymenoplasty","og_description":"Die Hymenoplastik, auch bekannt als Jungfernh\u00e4utchenrekonstruktion, ist ein sensibler chirurgischer Eingriff, der eine sorgf\u00e4ltige Nachsorge erfordert. Das Verst\u00e4ndnis des Heilungsverlaufs ist entscheidend f\u00fcr eine reibungslose und erfolgreiche Genesung. Dieser Artikel bietet umfassende Informationen \u00fcber die Erholungsphase nach der Hymenoplastik \u2013 inklusive postoperativer Pflege, Heilungsstadien und hilfreicher Tipps f\u00fcr eine optimale Genesung. Was ist eine Hymenoplastik [&hellip;]","og_url":"https:\/\/turkeyhymenoplasty.com\/de\/erholung-nach-hymenoplastik\/","og_site_name":"Turkey Hymenoplasty","article_modified_time":"2025-04-22T14:08:27+00:00","twitter_card":"summary_large_image","twitter_misc":{"Gesch\u00e4tzte Lesezeit":"5\u00a0Minuten"},"schema":{"@context":"https:\/\/schema.org","@graph":[{"@type":"WebPage","@id":"https:\/\/turkeyhymenoplasty.com\/de\/erholung-nach-hymenoplastik\/","url":"https:\/\/turkeyhymenoplasty.com\/de\/erholung-nach-hymenoplastik\/","name":"Erholung nach Hymenoplastik - Turkey Hymenoplasty","isPartOf":{"@id":"https:\/\/turkeyhymenoplasty.com\/#website"},"datePublished":"2024-10-16T07:13:50+00:00","dateModified":"2025-04-22T14:08:27+00:00","breadcrumb":{"@id":"https:\/\/turkeyhymenoplasty.com\/de\/erholung-nach-hymenoplastik\/#breadcrumb"},"inLanguage":"de","potentialAction":[{"@type":"ReadAction","target":["https:\/\/turkeyhymenoplasty.com\/de\/erholung-nach-hymenoplastik\/"]}]},{"@type":"BreadcrumbList","@id":"https:\/\/turkeyhymenoplasty.com\/de\/erholung-nach-hymenoplastik\/#breadcrumb","itemListElement":[{"@type":"ListItem","position":1,"name":"Home","item":"https:\/\/turkeyhymenoplasty.com\/"},{"@type":"ListItem","position":2,"name":"Erholung nach Hymenoplastik"}]},{"@type":"WebSite","@id":"https:\/\/turkeyhymenoplasty.com\/#website","url":"https:\/\/turkeyhymenoplasty.com\/","name":"Turkey Hymenoplasty","description":"What Is Hymenoplasty","publisher":{"@id":"https:\/\/turkeyhymenoplasty.com\/#organization"},"potentialAction":[{"@type":"SearchAction","target":{"@type":"EntryPoint","urlTemplate":"https:\/\/turkeyhymenoplasty.com\/?s={search_term_string}"},"query-input":{"@type":"PropertyValueSpecification","valueRequired":true,"valueName":"search_term_string"}}],"inLanguage":"de"},{"@type":"Organization","@id":"https:\/\/turkeyhymenoplasty.com\/#organization","name":"Linest Clinic","url":"https:\/\/turkeyhymenoplasty.com\/","logo":{"@type":"ImageObject","inLanguage":"de","@id":"https:\/\/turkeyhymenoplasty.com\/#\/schema\/logo\/image\/","url":"https:\/\/mlavglodfhxh.i.optimole.com\/cb:NNdJ.5778a\/w:auto\/h:auto\/q:mauto\/f:best\/https:\/\/turkeyhymenoplasty.com\/wp-content\/uploads\/2019\/08\/LINEST.png","contentUrl":"https:\/\/mlavglodfhxh.i.optimole.com\/cb:NNdJ.5778a\/w:auto\/h:auto\/q:mauto\/f:best\/https:\/\/turkeyhymenoplasty.com\/wp-content\/uploads\/2019\/08\/LINEST.png","width":4897,"height":1043,"caption":"Linest Clinic"},"image":{"@id":"https:\/\/turkeyhymenoplasty.com\/#\/schema\/logo\/image\/"}}]}},"_links":{"self":[{"href":"https:\/\/turkeyhymenoplasty.com\/de\/wp-json\/wp\/v2\/pages\/9461"}],"collection":[{"href":"https:\/\/turkeyhymenoplasty.com\/de\/wp-json\/wp\/v2\/pages"}],"about":[{"href":"https:\/\/turkeyhymenoplasty.com\/de\/wp-json\/wp\/v2\/types\/page"}],"author":[{"embeddable":true,"href":"https:\/\/turkeyhymenoplasty.com\/de\/wp-json\/wp\/v2\/users\/1"}],"replies":[{"embeddable":true,"href":"https:\/\/turkeyhymenoplasty.com\/de\/wp-json\/wp\/v2\/comments?post=9461"}],"version-history":[{"count":8,"href":"https:\/\/turkeyhymenoplasty.com\/de\/wp-json\/wp\/v2\/pages\/9461\/revisions"}],"predecessor-version":[{"id":11273,"href":"https:\/\/turkeyhymenoplasty.com\/de\/wp-json\/wp\/v2\/pages\/9461\/revisions\/11273"}],"wp:attachment":[{"href":"https:\/\/turkeyhymenoplasty.com\/de\/wp-json\/wp\/v2\/media?parent=9461"}],"curies":[{"name":"wp","href":"https:\/\/api.w.org\/{rel}","templated":true}]}}