{"id":9458,"date":"2024-10-16T06:53:32","date_gmt":"2024-10-16T06:53:32","guid":{"rendered":"https:\/\/turkeylabiaplasty.com\/labiaplastik-istanbul-preis\/"},"modified":"2025-04-22T13:59:09","modified_gmt":"2025-04-22T13:59:09","slug":"hymenoplastik-istanbul-preis","status":"publish","type":"page","link":"https:\/\/turkeyhymenoplasty.com\/de\/hymenoplastik-istanbul-preis\/","title":{"rendered":"Hymenoplastik Istanbul Preis"},"content":{"rendered":"\t\t<div data-elementor-type=\"wp-post\" data-elementor-id=\"9458\" class=\"elementor elementor-9458 elementor-8427\" data-elementor-post-type=\"page\">\n\t\t\t\t\t\t<section class=\"elementor-section elementor-top-section elementor-element elementor-element-599d25c elementor-section-boxed elementor-section-height-default elementor-section-height-default\" data-id=\"599d25c\" data-element_type=\"section\">\n\t\t\t\t\t\t\t<div class=\"elementor-background-overlay\"><\/div>\n\t\t\t\t\t\t\t<div class=\"elementor-container elementor-column-gap-default\">\n\t\t\t\t\t<div class=\"elementor-column elementor-col-66 elementor-top-column elementor-element elementor-element-cbad41f\" data-id=\"cbad41f\" data-element_type=\"column\">\n\t\t\t<div class=\"elementor-widget-wrap elementor-element-populated\">\n\t\t\t\t\t\t<div class=\"elementor-element elementor-element-c3c50aa elementor-widget elementor-widget-text-editor\" data-id=\"c3c50aa\" data-element_type=\"widget\" data-widget_type=\"text-editor.default\">\n\t\t\t\t<div class=\"elementor-widget-container\">\n\t\t\t<style>\/*! elementor - v3.22.0 - 26-06-2024 *\/\n.elementor-widget-text-editor.elementor-drop-cap-view-stacked .elementor-drop-cap{background-color:#69727d;color:#fff}.elementor-widget-text-editor.elementor-drop-cap-view-framed .elementor-drop-cap{color:#69727d;border:3px solid;background-color:transparent}.elementor-widget-text-editor:not(.elementor-drop-cap-view-default) .elementor-drop-cap{margin-top:8px}.elementor-widget-text-editor:not(.elementor-drop-cap-view-default) .elementor-drop-cap-letter{width:1em;height:1em}.elementor-widget-text-editor .elementor-drop-cap{float:left;text-align:center;line-height:1;font-size:50px}.elementor-widget-text-editor .elementor-drop-cap-letter{display:inline-block}<\/style>\t\t\t\t<p class=\"\" data-start=\"227\" data-end=\"702\">Die Hymenoplastik, auch bekannt als Jungfernh\u00e4utchenrekonstruktion, ist ein zunehmend beliebter Eingriff in Istanbul. Die Stadt zieht Patientinnen aus aller Welt an \u2013 dank erfahrener Chirurgen, hoher medizinischer Standards und vergleichsweise g\u00fcnstiger Preise. In diesem Leitfaden finden Sie eine umfassende \u00dcbersicht \u00fcber die Kostenfaktoren der Hymenoplastik in Istanbul, Preisbereiche, Klinikoptionen sowie Tipps zur Auswahl der richtigen Klinik und des geeigneten Arztes.<\/p><h2 data-start=\"704\" data-end=\"753\">Warum Istanbul f\u00fcr eine Hymenoplastik w\u00e4hlen?<\/h2><p class=\"\" data-start=\"755\" data-end=\"1273\">Istanbul gilt als gefragtes Ziel f\u00fcr medizinisch-\u00e4sthetische Eingriffe wie die Hymenoplastik. Die Stadt kombiniert hohe medizinische Standards mit einem attraktiven Preis-Leistungs-Verh\u00e4ltnis. T\u00fcrkische Kliniken unterliegen strengen gesetzlichen Vorschriften und bieten somit qualitativ hochwertige Behandlungen zu deutlich niedrigeren Kosten als in vielen westlichen L\u00e4ndern. Dar\u00fcber hinaus ist Istanbul kulturell reich und bietet internationalen Patientinnen eine einzigartige Umgebung f\u00fcr medizinische Behandlungen.<\/p><p class=\"\" data-start=\"1275\" data-end=\"1574\">Dank zahlreicher international akkreditierter Krankenh\u00e4user und Kliniken ist Istanbul bekannt f\u00fcr die Kompetenz seiner Fach\u00e4rzte sowie die Diskretion, mit der Behandlungen durchgef\u00fchrt werden. Viele Einrichtungen bieten Komplettpakete an, die eine unkomplizierte Planung des Aufenthalts erm\u00f6glichen.<\/p><h2 data-start=\"1576\" data-end=\"1622\">Was kostet eine Hymenoplastik in Istanbul?<\/h2><p class=\"\" data-start=\"1624\" data-end=\"1863\">Die Kosten f\u00fcr eine Hymenoplastik in Istanbul variieren stark \u2013 abh\u00e4ngig von Faktoren wie dem Ruf der Klinik, der Erfahrung des Chirurgen sowie der verwendeten Technik. Im Allgemeinen liegen die Preise zwischen ca. <strong data-start=\"1839\" data-end=\"1862\">1.900 \u20ac und 4.500 \u20ac<\/strong>.<\/p><h3 data-start=\"1865\" data-end=\"1892\">Klinikstandort und Ruf<\/h3><p class=\"\" data-start=\"1894\" data-end=\"2175\">Renommierte Kliniken in zentralen Stadtteilen Istanbuls verlangen h\u00e4ufig h\u00f6here Preise. Dies liegt an ihrem etablierten Ruf, ihrer Erfahrung im Bereich der \u00e4sthetischen Gyn\u00e4kologie und ihrer modernen Ausstattung. H\u00f6here Kosten bedeuten jedoch oft auch mehr Sicherheit und Qualit\u00e4t.<\/p><h3 data-start=\"2177\" data-end=\"2224\">Fachkenntnisse und Erfahrung des Chirurgen<\/h3><p class=\"\" data-start=\"2226\" data-end=\"2496\">Die Qualifikation des Chirurgen ist ein wesentlicher Faktor f\u00fcr den Preis. Chirurgen mit langj\u00e4hriger Erfahrung oder Spezialisierung im Bereich der Hymenrekonstruktion verlangen in der Regel mehr, liefern aber oft bessere Ergebnisse bei gleichzeitig minimierten Risiken.<\/p><h3 data-start=\"2498\" data-end=\"2528\">Komplexit\u00e4t des Eingriffs<\/h3><p class=\"\" data-start=\"2530\" data-end=\"2825\">Einfachere Nahttechniken sind kosteng\u00fcnstiger als komplexe Methoden wie die Alloplant-Technik (bei der ein biologisches Implantat verwendet wird) oder Laser-Hymenoplastik. Letztere gelten als minimal-invasiv und erlauben eine schnellere Heilung \u2013 was sich ebenfalls auf den Preis auswirken kann.<\/p><h3 data-start=\"2827\" data-end=\"2870\">Inklusivleistungen bei Komplettpaketen<\/h3><p class=\"\" data-start=\"2872\" data-end=\"3102\">Viele Kliniken bieten Komplettpakete an, die den Eingriff, Vor- und Nachuntersuchungen sowie Unterbringung und Transfers umfassen. Diese Pakete kosten in der Regel zwischen <strong data-start=\"3045\" data-end=\"3068\">2.500 $ und 4.500 $<\/strong> \u2013 je nach enthaltenen Leistungen.<\/p><h2 data-start=\"3104\" data-end=\"3152\">Preis\u00fcbersicht f\u00fcr Hymenoplastik in Istanbul<\/h2><ul data-start=\"3154\" data-end=\"3282\"><li class=\"\" data-start=\"3154\" data-end=\"3217\"><p class=\"\" data-start=\"3156\" data-end=\"3217\"><strong data-start=\"3156\" data-end=\"3196\">Einfache Hymenoplastik (Nahttechnik)<\/strong>: 1.900 \u20ac \u2013 2.500 \u20ac<\/p><\/li><li class=\"\" data-start=\"3218\" data-end=\"3282\"><p class=\"\" data-start=\"3220\" data-end=\"3282\"><strong data-start=\"3220\" data-end=\"3263\">Erweiterte Techniken (Alloplant, Laser)<\/strong>: 2.500 \u20ac \u2013 4.500 \u20ac<\/p><\/li><\/ul><p class=\"\" data-start=\"3284\" data-end=\"3411\">Patientinnen sollten stets pr\u00fcfen, ob im genannten Preis medizinische Leistungen, Nachsorge und Kontrolltermine enthalten sind.<\/p><h2 data-start=\"3413\" data-end=\"3464\">Beliebte Kliniken f\u00fcr Hymenoplastik in Istanbul<\/h2><h3 data-start=\"3466\" data-end=\"3734\">Cevre Hospital<\/h3><p class=\"\" data-start=\"3466\" data-end=\"3734\">Das Cevre Hospital ist eine renommierte Privatklinik in Istanbul. Der Preis f\u00fcr eine Hymenoplastik liegt hier bei ca. <strong data-start=\"3605\" data-end=\"3626\">1.900 \u20ac \u2013 3.000 \u20ac<\/strong>. Die Klinik bietet moderne Ausstattung und erfahrenes Fachpersonal im Bereich der \u00e4sthetischen Gyn\u00e4kologie.<\/p><h3 data-start=\"3736\" data-end=\"4030\">Klinik von Dr. Nazli Korkmaz<\/h3><p class=\"\" data-start=\"3736\" data-end=\"4030\">Dr. Nazli Korkmaz ist eine bekannte Expertin f\u00fcr kosmetische Gyn\u00e4kologie. Ihre Klinik bietet ein <strong data-start=\"3868\" data-end=\"3897\">Komplettpaket f\u00fcr 2.500 $<\/strong> an, das medizinische Untersuchungen, den Eingriff, zwei \u00dcbernachtungen sowie Transfers zwischen Flughafen, Hotel und Klinik umfasst.<\/p><h3 data-start=\"4032\" data-end=\"4312\">Klinik von Dr. Yetkin Bayer<\/h3><p class=\"\" data-start=\"4032\" data-end=\"4312\">Die Praxis von Dr. Yetkin Bayer bietet Hymenoplastiken zu Preisen zwischen <strong data-start=\"4141\" data-end=\"4164\">2.500 $ und 4.500 $<\/strong> an. Er ist bekannt f\u00fcr seine langj\u00e4hrige Erfahrung in der \u00e4sthetischen Chirurgie und f\u00fcr individuell abgestimmte Betreuung mit h\u00f6chster Diskretion.<\/p><h2 data-start=\"4314\" data-end=\"4369\">Worauf sollte man bei der Wahl einer Klinik achten?<\/h2><ul data-start=\"4371\" data-end=\"4984\"><li class=\"\" data-start=\"4371\" data-end=\"4524\"><p class=\"\" data-start=\"4373\" data-end=\"4524\"><strong data-start=\"4373\" data-end=\"4425\">Qualifikation und Erfahrung des Chirurgen pr\u00fcfen<\/strong>: Informieren Sie sich \u00fcber Zertifikate, Spezialisierungen und Erfahrungsberichte von Patientinnen.<\/p><\/li><li class=\"\" data-start=\"4525\" data-end=\"4666\"><p class=\"\" data-start=\"4527\" data-end=\"4666\"><strong data-start=\"4527\" data-end=\"4575\">Ruf und Hygienestandards der Klinik bewerten<\/strong>: Achten Sie auf internationale Standards, Online-Bewertungen und pers\u00f6nliche Empfehlungen.<\/p><\/li><li class=\"\" data-start=\"4667\" data-end=\"4813\"><p class=\"\" data-start=\"4669\" data-end=\"4813\"><strong data-start=\"4669\" data-end=\"4699\">Beratung und Kommunikation<\/strong>: Viele Kliniken bieten Online-Vorgespr\u00e4che an. Stellen Sie alle Fragen zur Methode, zum Ablauf und zur Nachsorge.<\/p><\/li><li class=\"\" data-start=\"4814\" data-end=\"4984\"><p class=\"\" data-start=\"4816\" data-end=\"4984\"><strong data-start=\"4816\" data-end=\"4851\">Kostentransparenz sicherstellen<\/strong>: Fordern Sie eine detaillierte Aufstellung aller Leistungen an, inklusive An\u00e4sthesie, Nachkontrollen, Transport und ggf. Unterkunft.<\/p><\/li><\/ul><h2 data-start=\"4986\" data-end=\"5030\">Vorteile einer Hymenoplastik in Istanbul<\/h2><ul data-start=\"5032\" data-end=\"5355\"><li class=\"\" data-start=\"5032\" data-end=\"5139\"><p class=\"\" data-start=\"5034\" data-end=\"5139\"><strong data-start=\"5034\" data-end=\"5063\">Hohe Behandlungsstandards<\/strong>: Modernste Technik und erfahrene Fachkr\u00e4fte sorgen f\u00fcr ein sicheres Umfeld.<\/p><\/li><li class=\"\" data-start=\"5140\" data-end=\"5255\"><p class=\"\" data-start=\"5142\" data-end=\"5255\"><strong data-start=\"5142\" data-end=\"5192\">Komplettpakete f\u00fcr internationale Patientinnen<\/strong>: Bequeme und transparente Organisation durch Pauschalangebote.<\/p><\/li><li class=\"\" data-start=\"5256\" data-end=\"5355\"><p class=\"\" data-start=\"5258\" data-end=\"5355\"><strong data-start=\"5258\" data-end=\"5292\">Diskretion und Vertraulichkeit<\/strong>: Der Schutz der Privatsph\u00e4re wird in Istanbul gro\u00dfgeschrieben.<\/p><\/li><\/ul><p class=\"\" data-start=\"5407\" data-end=\"5770\">Die Entscheidung f\u00fcr eine Hymenoplastik ist sehr pers\u00f6nlich \u2013 insbesondere, wenn sie im Ausland erfolgt. Istanbul bietet hervorragende Voraussetzungen: erfahrene Spezialisten, hochwertige Kliniken und transparente Kostenstrukturen. Mit sorgf\u00e4ltiger Planung und Beratung kann die Behandlung in Istanbul eine sichere, diskrete und zufriedenstellende Erfahrung sein.<\/p>\t\t\t\t\t\t<\/div>\n\t\t\t\t<\/div>\n\t\t\t\t\t<\/div>\n\t\t<\/div>\n\t\t\t\t<div class=\"elementor-column elementor-col-33 elementor-top-column elementor-element elementor-element-a8a5134\" data-id=\"a8a5134\" data-element_type=\"column\">\n\t\t\t<div class=\"elementor-widget-wrap elementor-element-populated\">\n\t\t\t\t\t\t<div class=\"elementor-element elementor-element-62a25d0 iletisim-box elementor-flip-box--effect-flip elementor-flip-box--direction-up elementor-widget elementor-widget-flip-box\" data-id=\"62a25d0\" data-element_type=\"widget\" data-settings=\"{&quot;sticky&quot;:&quot;top&quot;,&quot;sticky_on&quot;:[&quot;desktop&quot;],&quot;sticky_offset&quot;:210,&quot;sticky_parent&quot;:&quot;yes&quot;,&quot;sticky_effects_offset&quot;:0}\" data-widget_type=\"flip-box.default\">\n\t\t\t\t<div class=\"elementor-widget-container\">\n\t\t\t<link rel=\"stylesheet\" href=\"https:\/\/turkeyhymenoplasty.com\/wp-content\/plugins\/elementor-pro\/assets\/css\/widget-flip-box.min.css\">\t\t<div class=\"elementor-flip-box\" tabindex=\"0\">\n\t\t\t<div class=\"elementor-flip-box__layer elementor-flip-box__front\">\n\t\t\t\t<div class=\"elementor-flip-box__layer__overlay\">\n\t\t\t\t\t<div class=\"elementor-flip-box__layer__inner\">\n\t\t\t\t\t\t\t\t\t\t\t\t\t<div class=\"elementor-icon-wrapper elementor-view-default\">\n\t\t\t\t\t\t\t\t<div class=\"elementor-icon\">\n\t\t\t\t\t\t\t\t\t<svg class=\"e-font-icon-svg e-far-calendar-check\" viewBox=\"0 0 448 512\" xmlns=\"http:\/\/www.w3.org\/2000\/svg\"><path d=\"M400 64h-48V12c0-6.627-5.373-12-12-12h-40c-6.627 0-12 5.373-12 12v52H160V12c0-6.627-5.373-12-12-12h-40c-6.627 0-12 5.373-12 12v52H48C21.49 64 0 85.49 0 112v352c0 26.51 21.49 48 48 48h352c26.51 0 48-21.49 48-48V112c0-26.51-21.49-48-48-48zm-6 400H54a6 6 0 0 1-6-6V160h352v298a6 6 0 0 1-6 6zm-52.849-200.65L198.842 404.519c-4.705 4.667-12.303 4.637-16.971-.068l-75.091-75.699c-4.667-4.705-4.637-12.303.068-16.971l22.719-22.536c4.705-4.667 12.303-4.637 16.97.069l44.104 44.461 111.072-110.181c4.705-4.667 12.303-4.637 16.971.068l22.536 22.718c4.667 4.705 4.636 12.303-.069 16.97z\"><\/path><\/svg>\t\t\t\t\t\t\t\t<\/div>\n\t\t\t\t\t\t\t<\/div>\n\t\t\t\t\t\t\n\t\t\t\t\t\t\t\t\t\t\t\t\t<h3 class=\"elementor-flip-box__layer__title\">\n\t\t\t\t\t\t\t\tEinen Termin vereinbaren\t\t\t\t\t\t\t<\/h3>\n\t\t\t\t\t\t\n\t\t\t\t\t\t\t\t\t\t\t\t\t<div class=\"elementor-flip-box__layer__description\">\n\t\t\t\t\t\t\t\tKontaktieren Sie uns f\u00fcr weitere Informationen oder um einen Termin zu vereinbaren\t\t\t\t\t\t\t<\/div>\n\t\t\t\t\t\t\t\t\t\t\t<\/div>\n\t\t\t\t<\/div>\n\t\t\t<\/div>\n\t\t\t<div class=\"elementor-flip-box__layer elementor-flip-box__back\">\n\t\t\t<div class=\"elementor-flip-box__layer__overlay\">\n\t\t\t\t<div class=\"elementor-flip-box__layer__inner\">\n\t\t\t\t\t\n\t\t\t\t\t\t\t\t\t\t\t<div class=\"elementor-flip-box__layer__description\">\n\t\t\t\t\t\t\tSie k\u00f6nnen uns telefonisch oder per E-Mail kontaktieren oder uns besuchen.\t\t\t\t\t\t<\/div>\n\t\t\t\t\t\n\t\t\t\t\t\t\t\t\t\t\t<a class=\"elementor-flip-box__button elementor-button elementor-size-md\" href=\"https:\/\/turkeyhymenoplasty.com\/de\/kontaktieren-sie-uns\/\">\n\t\t\t\t\t\t\tKontakt\t\t\t\t\t\t<\/a>\n\t\t\t\t\t\t\t\t<\/div>\n\t\t<\/div>\n\t\t<\/div>\n\t\t<\/div>\n\t\t\t\t<\/div>\n\t\t\t\t<\/div>\n\t\t\t\t\t<\/div>\n\t\t<\/div>\n\t\t\t\t\t<\/div>\n\t\t<\/section>\n\t\t\t\t<\/div>\n\t\t","protected":false},"excerpt":{"rendered":"<p>Die Hymenoplastik, auch bekannt als Jungfernh\u00e4utchenrekonstruktion, ist ein zunehmend beliebter Eingriff in Istanbul. Die Stadt zieht Patientinnen aus aller Welt an \u2013 dank erfahrener Chirurgen, hoher medizinischer Standards und vergleichsweise g\u00fcnstiger Preise. In diesem Leitfaden finden Sie eine umfassende \u00dcbersicht \u00fcber die Kostenfaktoren der Hymenoplastik in Istanbul, Preisbereiche, Klinikoptionen sowie Tipps zur Auswahl der richtigen [&hellip;]<\/p>\n","protected":false},"author":1,"featured_media":0,"parent":0,"menu_order":0,"comment_status":"closed","ping_status":"closed","template":"template\/template-home.php","meta":{"footnotes":""},"yoast_head":"<!-- This site is optimized with the Yoast SEO plugin v23.8 - https:\/\/yoast.com\/wordpress\/plugins\/seo\/ -->\n<title>Hymenoplastik Istanbul Preis - Turkey Hymenoplasty<\/title>\n<meta name=\"robots\" content=\"index, follow, max-snippet:-1, max-image-preview:large, max-video-preview:-1\" \/>\n<link rel=\"canonical\" href=\"https:\/\/turkeyhymenoplasty.com\/de\/hymenoplastik-istanbul-preis\/\" \/>\n<meta property=\"og:locale\" content=\"de_DE\" \/>\n<meta property=\"og:type\" content=\"article\" \/>\n<meta property=\"og:title\" content=\"Hymenoplastik Istanbul Preis - Turkey Hymenoplasty\" \/>\n<meta property=\"og:description\" content=\"Die Hymenoplastik, auch bekannt als Jungfernh\u00e4utchenrekonstruktion, ist ein zunehmend beliebter Eingriff in Istanbul. Die Stadt zieht Patientinnen aus aller Welt an \u2013 dank erfahrener Chirurgen, hoher medizinischer Standards und vergleichsweise g\u00fcnstiger Preise. In diesem Leitfaden finden Sie eine umfassende \u00dcbersicht \u00fcber die Kostenfaktoren der Hymenoplastik in Istanbul, Preisbereiche, Klinikoptionen sowie Tipps zur Auswahl der richtigen [&hellip;]\" \/>\n<meta property=\"og:url\" content=\"https:\/\/turkeyhymenoplasty.com\/de\/hymenoplastik-istanbul-preis\/\" \/>\n<meta property=\"og:site_name\" content=\"Turkey Hymenoplasty\" \/>\n<meta property=\"article:modified_time\" content=\"2025-04-22T13:59:09+00:00\" \/>\n<meta name=\"twitter:card\" content=\"summary_large_image\" \/>\n<meta name=\"twitter:label1\" content=\"Gesch\u00e4tzte Lesezeit\" \/>\n\t<meta name=\"twitter:data1\" content=\"5\u00a0Minuten\" \/>\n<script type=\"application\/ld+json\" class=\"yoast-schema-graph\">{\"@context\":\"https:\/\/schema.org\",\"@graph\":[{\"@type\":\"WebPage\",\"@id\":\"https:\/\/turkeyhymenoplasty.com\/de\/hymenoplastik-istanbul-preis\/\",\"url\":\"https:\/\/turkeyhymenoplasty.com\/de\/hymenoplastik-istanbul-preis\/\",\"name\":\"Hymenoplastik Istanbul Preis - Turkey Hymenoplasty\",\"isPartOf\":{\"@id\":\"https:\/\/turkeyhymenoplasty.com\/#website\"},\"datePublished\":\"2024-10-16T06:53:32+00:00\",\"dateModified\":\"2025-04-22T13:59:09+00:00\",\"breadcrumb\":{\"@id\":\"https:\/\/turkeyhymenoplasty.com\/de\/hymenoplastik-istanbul-preis\/#breadcrumb\"},\"inLanguage\":\"de\",\"potentialAction\":[{\"@type\":\"ReadAction\",\"target\":[\"https:\/\/turkeyhymenoplasty.com\/de\/hymenoplastik-istanbul-preis\/\"]}]},{\"@type\":\"BreadcrumbList\",\"@id\":\"https:\/\/turkeyhymenoplasty.com\/de\/hymenoplastik-istanbul-preis\/#breadcrumb\",\"itemListElement\":[{\"@type\":\"ListItem\",\"position\":1,\"name\":\"Home\",\"item\":\"https:\/\/turkeyhymenoplasty.com\/\"},{\"@type\":\"ListItem\",\"position\":2,\"name\":\"Hymenoplastik Istanbul Preis\"}]},{\"@type\":\"WebSite\",\"@id\":\"https:\/\/turkeyhymenoplasty.com\/#website\",\"url\":\"https:\/\/turkeyhymenoplasty.com\/\",\"name\":\"Turkey Hymenoplasty\",\"description\":\"What Is Hymenoplasty\",\"publisher\":{\"@id\":\"https:\/\/turkeyhymenoplasty.com\/#organization\"},\"potentialAction\":[{\"@type\":\"SearchAction\",\"target\":{\"@type\":\"EntryPoint\",\"urlTemplate\":\"https:\/\/turkeyhymenoplasty.com\/?s={search_term_string}\"},\"query-input\":{\"@type\":\"PropertyValueSpecification\",\"valueRequired\":true,\"valueName\":\"search_term_string\"}}],\"inLanguage\":\"de\"},{\"@type\":\"Organization\",\"@id\":\"https:\/\/turkeyhymenoplasty.com\/#organization\",\"name\":\"Linest Clinic\",\"url\":\"https:\/\/turkeyhymenoplasty.com\/\",\"logo\":{\"@type\":\"ImageObject\",\"inLanguage\":\"de\",\"@id\":\"https:\/\/turkeyhymenoplasty.com\/#\/schema\/logo\/image\/\",\"url\":\"https:\/\/mlavglodfhxh.i.optimole.com\/cb:NNdJ.5778a\/w:auto\/h:auto\/q:mauto\/f:best\/https:\/\/turkeyhymenoplasty.com\/wp-content\/uploads\/2019\/08\/LINEST.png\",\"contentUrl\":\"https:\/\/mlavglodfhxh.i.optimole.com\/cb:NNdJ.5778a\/w:auto\/h:auto\/q:mauto\/f:best\/https:\/\/turkeyhymenoplasty.com\/wp-content\/uploads\/2019\/08\/LINEST.png\",\"width\":4897,\"height\":1043,\"caption\":\"Linest Clinic\"},\"image\":{\"@id\":\"https:\/\/turkeyhymenoplasty.com\/#\/schema\/logo\/image\/\"}}]}<\/script>\n<!-- \/ Yoast SEO plugin. -->","yoast_head_json":{"title":"Hymenoplastik Istanbul Preis - Turkey Hymenoplasty","robots":{"index":"index","follow":"follow","max-snippet":"max-snippet:-1","max-image-preview":"max-image-preview:large","max-video-preview":"max-video-preview:-1"},"canonical":"https:\/\/turkeyhymenoplasty.com\/de\/hymenoplastik-istanbul-preis\/","og_locale":"de_DE","og_type":"article","og_title":"Hymenoplastik Istanbul Preis - Turkey Hymenoplasty","og_description":"Die Hymenoplastik, auch bekannt als Jungfernh\u00e4utchenrekonstruktion, ist ein zunehmend beliebter Eingriff in Istanbul. Die Stadt zieht Patientinnen aus aller Welt an \u2013 dank erfahrener Chirurgen, hoher medizinischer Standards und vergleichsweise g\u00fcnstiger Preise. In diesem Leitfaden finden Sie eine umfassende \u00dcbersicht \u00fcber die Kostenfaktoren der Hymenoplastik in Istanbul, Preisbereiche, Klinikoptionen sowie Tipps zur Auswahl der richtigen [&hellip;]","og_url":"https:\/\/turkeyhymenoplasty.com\/de\/hymenoplastik-istanbul-preis\/","og_site_name":"Turkey Hymenoplasty","article_modified_time":"2025-04-22T13:59:09+00:00","twitter_card":"summary_large_image","twitter_misc":{"Gesch\u00e4tzte Lesezeit":"5\u00a0Minuten"},"schema":{"@context":"https:\/\/schema.org","@graph":[{"@type":"WebPage","@id":"https:\/\/turkeyhymenoplasty.com\/de\/hymenoplastik-istanbul-preis\/","url":"https:\/\/turkeyhymenoplasty.com\/de\/hymenoplastik-istanbul-preis\/","name":"Hymenoplastik Istanbul Preis - Turkey Hymenoplasty","isPartOf":{"@id":"https:\/\/turkeyhymenoplasty.com\/#website"},"datePublished":"2024-10-16T06:53:32+00:00","dateModified":"2025-04-22T13:59:09+00:00","breadcrumb":{"@id":"https:\/\/turkeyhymenoplasty.com\/de\/hymenoplastik-istanbul-preis\/#breadcrumb"},"inLanguage":"de","potentialAction":[{"@type":"ReadAction","target":["https:\/\/turkeyhymenoplasty.com\/de\/hymenoplastik-istanbul-preis\/"]}]},{"@type":"BreadcrumbList","@id":"https:\/\/turkeyhymenoplasty.com\/de\/hymenoplastik-istanbul-preis\/#breadcrumb","itemListElement":[{"@type":"ListItem","position":1,"name":"Home","item":"https:\/\/turkeyhymenoplasty.com\/"},{"@type":"ListItem","position":2,"name":"Hymenoplastik Istanbul Preis"}]},{"@type":"WebSite","@id":"https:\/\/turkeyhymenoplasty.com\/#website","url":"https:\/\/turkeyhymenoplasty.com\/","name":"Turkey Hymenoplasty","description":"What Is Hymenoplasty","publisher":{"@id":"https:\/\/turkeyhymenoplasty.com\/#organization"},"potentialAction":[{"@type":"SearchAction","target":{"@type":"EntryPoint","urlTemplate":"https:\/\/turkeyhymenoplasty.com\/?s={search_term_string}"},"query-input":{"@type":"PropertyValueSpecification","valueRequired":true,"valueName":"search_term_string"}}],"inLanguage":"de"},{"@type":"Organization","@id":"https:\/\/turkeyhymenoplasty.com\/#organization","name":"Linest Clinic","url":"https:\/\/turkeyhymenoplasty.com\/","logo":{"@type":"ImageObject","inLanguage":"de","@id":"https:\/\/turkeyhymenoplasty.com\/#\/schema\/logo\/image\/","url":"https:\/\/mlavglodfhxh.i.optimole.com\/cb:NNdJ.5778a\/w:auto\/h:auto\/q:mauto\/f:best\/https:\/\/turkeyhymenoplasty.com\/wp-content\/uploads\/2019\/08\/LINEST.png","contentUrl":"https:\/\/mlavglodfhxh.i.optimole.com\/cb:NNdJ.5778a\/w:auto\/h:auto\/q:mauto\/f:best\/https:\/\/turkeyhymenoplasty.com\/wp-content\/uploads\/2019\/08\/LINEST.png","width":4897,"height":1043,"caption":"Linest Clinic"},"image":{"@id":"https:\/\/turkeyhymenoplasty.com\/#\/schema\/logo\/image\/"}}]}},"_links":{"self":[{"href":"https:\/\/turkeyhymenoplasty.com\/de\/wp-json\/wp\/v2\/pages\/9458"}],"collection":[{"href":"https:\/\/turkeyhymenoplasty.com\/de\/wp-json\/wp\/v2\/pages"}],"about":[{"href":"https:\/\/turkeyhymenoplasty.com\/de\/wp-json\/wp\/v2\/types\/page"}],"author":[{"embeddable":true,"href":"https:\/\/turkeyhymenoplasty.com\/de\/wp-json\/wp\/v2\/users\/1"}],"replies":[{"embeddable":true,"href":"https:\/\/turkeyhymenoplasty.com\/de\/wp-json\/wp\/v2\/comments?post=9458"}],"version-history":[{"count":9,"href":"https:\/\/turkeyhymenoplasty.com\/de\/wp-json\/wp\/v2\/pages\/9458\/revisions"}],"predecessor-version":[{"id":11264,"href":"https:\/\/turkeyhymenoplasty.com\/de\/wp-json\/wp\/v2\/pages\/9458\/revisions\/11264"}],"wp:attachment":[{"href":"https:\/\/turkeyhymenoplasty.com\/de\/wp-json\/wp\/v2\/media?parent=9458"}],"curies":[{"name":"wp","href":"https:\/\/api.w.org\/{rel}","templated":true}]}}